{"id":927,"date":"2020-06-24T07:17:46","date_gmt":"2020-06-24T07:17:46","guid":{"rendered":"https:\/\/www.easteuropetrading.com\/?page_id=927"},"modified":"2020-06-24T07:17:46","modified_gmt":"2020-06-24T07:17:46","slug":"import-export","status":"publish","type":"page","link":"https:\/\/www.easteuropetrading.com\/pl\/import-export\/","title":{"rendered":"Import\/Export"},"content":{"rendered":"<p>Mamy r\u00f3wnie\u017c wielu producent\u00f3w cebuli w Belgii, Niemczech i na po\u0142udniu Holandii (holenderska Flandria).<br \/>\nP\u00f3\u0142nocna cz\u0119\u015b\u0107 Belgii jest znakomitym miejscem tak\u017ce ze wzgl\u0119du na dzia\u0142ania logistyczne.<br \/>\nJe\u015bli Twoja firma poszukuje smacznej cebuli od holenderskich hodowc\u00f3w, jeste\u015bmy dla Ciebie doskona\u0142ym partnerem. W ko\u0144cu cebula z Holandii jest znana na ca\u0142ym \u015bwiecie jako produkt wysokiej jako\u015bci.<\/p>\n","protected":false},"excerpt":{"rendered":"<p>Mamy r\u00f3wnie\u017c wielu producent\u00f3w cebuli w Belgii, Niemczech i na po\u0142udniu Holandii (holenderska Flandria). P\u00f3\u0142nocna cz\u0119\u015b\u0107 Belgii jest znakomitym miejscem tak\u017ce ze [&hellip;]<\/p>\n","protected":false},"author":2,"featured_media":0,"parent":0,"menu_order":0,"comment_status":"closed","ping_status":"closed","template":"","meta":{"footnotes":""},"yoast_head":"<!-- This site is optimized with the Yoast SEO plugin v18.4.1 - https:\/\/yoast.com\/wordpress\/plugins\/seo\/ -->\n<title>Import\/Export - East Europe Trading<\/title>\n<meta name=\"robots\" content=\"index, follow, max-snippet:-1, max-image-preview:large, max-video-preview:-1\" \/>\n<link rel=\"canonical\" href=\"https:\/\/www.easteuropetrading.com\/pl\/import-export\/\" \/>\n<meta property=\"og:locale\" content=\"pl_PL\" \/>\n<meta property=\"og:type\" content=\"article\" \/>\n<meta property=\"og:title\" content=\"Import\/Export - East Europe Trading\" \/>\n<meta property=\"og:description\" content=\"Mamy r\u00f3wnie\u017c wielu producent\u00f3w cebuli w Belgii, Niemczech i na po\u0142udniu Holandii (holenderska Flandria). P\u00f3\u0142nocna cz\u0119\u015b\u0107 Belgii jest znakomitym miejscem tak\u017ce ze [&hellip;]\" \/>\n<meta property=\"og:url\" content=\"https:\/\/www.easteuropetrading.com\/pl\/import-export\/\" \/>\n<meta property=\"og:site_name\" content=\"East Europe Trading\" \/>\n<meta name=\"twitter:card\" content=\"summary_large_image\" \/>\n<script type=\"application\/ld+json\" class=\"yoast-schema-graph\">{\"@context\":\"https:\/\/schema.org\",\"@graph\":[{\"@type\":\"Organization\",\"@id\":\"https:\/\/www.easteuropetrading.com\/#organization\",\"name\":\"east europe trading\",\"url\":\"https:\/\/www.easteuropetrading.com\/\",\"sameAs\":[],\"logo\":{\"@type\":\"ImageObject\",\"@id\":\"https:\/\/www.easteuropetrading.com\/#logo\",\"inLanguage\":\"pl-PL\",\"url\":\"https:\/\/www.easteuropetrading.com\/wp-content\/uploads\/2017\/12\/cropped-easteuropetrading.com_.png\",\"contentUrl\":\"https:\/\/www.easteuropetrading.com\/wp-content\/uploads\/2017\/12\/cropped-easteuropetrading.com_.png\",\"width\":250,\"height\":250,\"caption\":\"east europe trading\"},\"image\":{\"@id\":\"https:\/\/www.easteuropetrading.com\/#logo\"}},{\"@type\":\"WebSite\",\"@id\":\"https:\/\/www.easteuropetrading.com\/#website\",\"url\":\"https:\/\/www.easteuropetrading.com\/\",\"name\":\"East Europe Trading\",\"description\":\"Fresh onions | Peeling | Export\",\"publisher\":{\"@id\":\"https:\/\/www.easteuropetrading.com\/#organization\"},\"potentialAction\":[{\"@type\":\"SearchAction\",\"target\":{\"@type\":\"EntryPoint\",\"urlTemplate\":\"https:\/\/www.easteuropetrading.com\/?s={search_term_string}\"},\"query-input\":\"required name=search_term_string\"}],\"inLanguage\":\"pl-PL\"},{\"@type\":\"WebPage\",\"@id\":\"https:\/\/www.easteuropetrading.com\/pl\/import-export\/#webpage\",\"url\":\"https:\/\/www.easteuropetrading.com\/pl\/import-export\/\",\"name\":\"Import\/Export - East Europe Trading\",\"isPartOf\":{\"@id\":\"https:\/\/www.easteuropetrading.com\/#website\"},\"datePublished\":\"2020-06-24T07:17:46+00:00\",\"dateModified\":\"2020-06-24T07:17:46+00:00\",\"breadcrumb\":{\"@id\":\"https:\/\/www.easteuropetrading.com\/pl\/import-export\/#breadcrumb\"},\"inLanguage\":\"pl-PL\",\"potentialAction\":[{\"@type\":\"ReadAction\",\"target\":[\"https:\/\/www.easteuropetrading.com\/pl\/import-export\/\"]}]},{\"@type\":\"BreadcrumbList\",\"@id\":\"https:\/\/www.easteuropetrading.com\/pl\/import-export\/#breadcrumb\",\"itemListElement\":[{\"@type\":\"ListItem\",\"position\":1,\"name\":\"Home\",\"item\":\"https:\/\/www.easteuropetrading.com\/pl\/\"},{\"@type\":\"ListItem\",\"position\":2,\"name\":\"Import\/Export\"}]}]}<\/script>\n<!-- \/ Yoast SEO plugin. -->","yoast_head_json":{"title":"Import\/Export - East Europe Trading","robots":{"index":"index","follow":"follow","max-snippet":"max-snippet:-1","max-image-preview":"max-image-preview:large","max-video-preview":"max-video-preview:-1"},"canonical":"https:\/\/www.easteuropetrading.com\/pl\/import-export\/","og_locale":"pl_PL","og_type":"article","og_title":"Import\/Export - East Europe Trading","og_description":"Mamy r\u00f3wnie\u017c wielu producent\u00f3w cebuli w Belgii, Niemczech i na po\u0142udniu Holandii (holenderska Flandria). P\u00f3\u0142nocna cz\u0119\u015b\u0107 Belgii jest znakomitym miejscem tak\u017ce ze [&hellip;]","og_url":"https:\/\/www.easteuropetrading.com\/pl\/import-export\/","og_site_name":"East Europe Trading","twitter_card":"summary_large_image","schema":{"@context":"https:\/\/schema.org","@graph":[{"@type":"Organization","@id":"https:\/\/www.easteuropetrading.com\/#organization","name":"east europe trading","url":"https:\/\/www.easteuropetrading.com\/","sameAs":[],"logo":{"@type":"ImageObject","@id":"https:\/\/www.easteuropetrading.com\/#logo","inLanguage":"pl-PL","url":"https:\/\/www.easteuropetrading.com\/wp-content\/uploads\/2017\/12\/cropped-easteuropetrading.com_.png","contentUrl":"https:\/\/www.easteuropetrading.com\/wp-content\/uploads\/2017\/12\/cropped-easteuropetrading.com_.png","width":250,"height":250,"caption":"east europe trading"},"image":{"@id":"https:\/\/www.easteuropetrading.com\/#logo"}},{"@type":"WebSite","@id":"https:\/\/www.easteuropetrading.com\/#website","url":"https:\/\/www.easteuropetrading.com\/","name":"East Europe Trading","description":"Fresh onions | Peeling | Export","publisher":{"@id":"https:\/\/www.easteuropetrading.com\/#organization"},"potentialAction":[{"@type":"SearchAction","target":{"@type":"EntryPoint","urlTemplate":"https:\/\/www.easteuropetrading.com\/?s={search_term_string}"},"query-input":"required name=search_term_string"}],"inLanguage":"pl-PL"},{"@type":"WebPage","@id":"https:\/\/www.easteuropetrading.com\/pl\/import-export\/#webpage","url":"https:\/\/www.easteuropetrading.com\/pl\/import-export\/","name":"Import\/Export - East Europe Trading","isPartOf":{"@id":"https:\/\/www.easteuropetrading.com\/#website"},"datePublished":"2020-06-24T07:17:46+00:00","dateModified":"2020-06-24T07:17:46+00:00","breadcrumb":{"@id":"https:\/\/www.easteuropetrading.com\/pl\/import-export\/#breadcrumb"},"inLanguage":"pl-PL","potentialAction":[{"@type":"ReadAction","target":["https:\/\/www.easteuropetrading.com\/pl\/import-export\/"]}]},{"@type":"BreadcrumbList","@id":"https:\/\/www.easteuropetrading.com\/pl\/import-export\/#breadcrumb","itemListElement":[{"@type":"ListItem","position":1,"name":"Home","item":"https:\/\/www.easteuropetrading.com\/pl\/"},{"@type":"ListItem","position":2,"name":"Import\/Export"}]}]}},"_links":{"self":[{"href":"https:\/\/www.easteuropetrading.com\/pl\/wp-json\/wp\/v2\/pages\/927"}],"collection":[{"href":"https:\/\/www.easteuropetrading.com\/pl\/wp-json\/wp\/v2\/pages"}],"about":[{"href":"https:\/\/www.easteuropetrading.com\/pl\/wp-json\/wp\/v2\/types\/page"}],"author":[{"embeddable":true,"href":"https:\/\/www.easteuropetrading.com\/pl\/wp-json\/wp\/v2\/users\/2"}],"replies":[{"embeddable":true,"href":"https:\/\/www.easteuropetrading.com\/pl\/wp-json\/wp\/v2\/comments?post=927"}],"version-history":[{"count":1,"href":"https:\/\/www.easteuropetrading.com\/pl\/wp-json\/wp\/v2\/pages\/927\/revisions"}],"predecessor-version":[{"id":928,"href":"https:\/\/www.easteuropetrading.com\/pl\/wp-json\/wp\/v2\/pages\/927\/revisions\/928"}],"wp:attachment":[{"href":"https:\/\/www.easteuropetrading.com\/pl\/wp-json\/wp\/v2\/media?parent=927"}],"curies":[{"name":"wp","href":"https:\/\/api.w.org\/{rel}","templated":true}]}}