{"id":923,"date":"2020-06-24T07:13:48","date_gmt":"2020-06-24T07:13:48","guid":{"rendered":"https:\/\/www.easteuropetrading.com\/?page_id=923"},"modified":"2020-06-24T07:15:35","modified_gmt":"2020-06-24T07:15:35","slug":"o-nas","status":"publish","type":"page","link":"https:\/\/www.easteuropetrading.com\/pl\/o-nas\/","title":{"rendered":"O nas"},"content":{"rendered":"<p>Nasza firma eksportuje cebul\u0119 do Europy Wschodniej. Robimy to ju\u017c od kilku lat, a nasze do\u015bwiadczenie na rynku czyni nas znakomitym i odpowiedzialnym partnerem w biznesie.<br \/>\nZnamy potrzeby wi\u0119kszo\u015bci rynk\u00f3w europejskich, w tym r\u00f3wnie\u017c takich kraj\u00f3w jak Czechy, Polska, Ukraina i Rumunia.<br \/>\nPonadto mamy wieloletnie do\u015bwiadczenie na rynku polskim i wschodnioeuropejskim.<\/p>\n<p>Posiadamy du\u017c\u0105 baz\u0119 sprawdzonych i rzetelnych producent\u00f3w cebuli, z \u0142atwo\u015bci\u0105 mo\u017cemy r\u00f3wnie\u017c zorganizowa\u0107 terminowy transport. Dostarczamy m.in. \u017c\u00f3\u0142t\u0105 cebul\u0119, szalotk\u0119 i pikle (r\u00f3\u017cnego typu), cebul\u0119 tart\u0105 lub ma\u0142\u0105 cebul\u0119.<br \/>\nMo\u017cemy r\u00f3wnie\u017c dostarczy\u0107 ma\u0142\u0105 cebul\u0119 do obierania.<\/p>\n<p>Gwarantujemy terminowe dostawy cebuli przez ca\u0142y rok. Mo\u017cemy wysy\u0142a\u0107 cebul\u0119 w du\u017cych paczkach, workach lub w inny spos\u00f3b, na przyk\u0142ad swobodnie na ci\u0119\u017car\u00f3wce.<br \/>\nPonadto oferujemy cebul\u0119 z najbardziej urodzajnych ziem Holandii, czyli Flevoland. Region ten s\u0142ynie z doskona\u0142ych gleb sprzyjaj\u0105cych uprawie cebuli.<br \/>\nStruktura gleby jest mieszank\u0105 piasku i gliny, dzi\u0119ki czemu cebula uprawiana we Flevoland spe\u0142nia najwy\u017csze standardy. Rolnicy z Flevoland posiadaj\u0105 niezb\u0119dn\u0105 wiedz\u0119 i do\u015bwiadczenie dotycz\u0105ce uprawy cebuli, co zapewnia jej wyj\u0105tkowy smak i aromat.<\/p>\n","protected":false},"excerpt":{"rendered":"<p>Nasza firma eksportuje cebul\u0119 do Europy Wschodniej. Robimy to ju\u017c od kilku lat, a nasze do\u015bwiadczenie na rynku czyni nas znakomitym i [&hellip;]<\/p>\n","protected":false},"author":2,"featured_media":0,"parent":0,"menu_order":0,"comment_status":"closed","ping_status":"closed","template":"","meta":{"footnotes":""},"yoast_head":"<!-- This site is optimized with the Yoast SEO plugin v18.4.1 - https:\/\/yoast.com\/wordpress\/plugins\/seo\/ -->\n<title>O nas - East Europe Trading<\/title>\n<meta name=\"robots\" content=\"index, follow, max-snippet:-1, max-image-preview:large, max-video-preview:-1\" \/>\n<link rel=\"canonical\" href=\"https:\/\/www.easteuropetrading.com\/pl\/o-nas\/\" \/>\n<meta property=\"og:locale\" content=\"pl_PL\" \/>\n<meta property=\"og:type\" content=\"article\" \/>\n<meta property=\"og:title\" content=\"O nas - East Europe Trading\" \/>\n<meta property=\"og:description\" content=\"Nasza firma eksportuje cebul\u0119 do Europy Wschodniej. Robimy to ju\u017c od kilku lat, a nasze do\u015bwiadczenie na rynku czyni nas znakomitym i [&hellip;]\" \/>\n<meta property=\"og:url\" content=\"https:\/\/www.easteuropetrading.com\/pl\/o-nas\/\" \/>\n<meta property=\"og:site_name\" content=\"East Europe Trading\" \/>\n<meta property=\"article:modified_time\" content=\"2020-06-24T07:15:35+00:00\" \/>\n<meta name=\"twitter:card\" content=\"summary_large_image\" \/>\n<meta name=\"twitter:label1\" content=\"Est. reading time\" \/>\n\t<meta name=\"twitter:data1\" content=\"1 minuta\" \/>\n<script type=\"application\/ld+json\" class=\"yoast-schema-graph\">{\"@context\":\"https:\/\/schema.org\",\"@graph\":[{\"@type\":\"Organization\",\"@id\":\"https:\/\/www.easteuropetrading.com\/#organization\",\"name\":\"east europe trading\",\"url\":\"https:\/\/www.easteuropetrading.com\/\",\"sameAs\":[],\"logo\":{\"@type\":\"ImageObject\",\"@id\":\"https:\/\/www.easteuropetrading.com\/#logo\",\"inLanguage\":\"pl-PL\",\"url\":\"https:\/\/www.easteuropetrading.com\/wp-content\/uploads\/2017\/12\/cropped-easteuropetrading.com_.png\",\"contentUrl\":\"https:\/\/www.easteuropetrading.com\/wp-content\/uploads\/2017\/12\/cropped-easteuropetrading.com_.png\",\"width\":250,\"height\":250,\"caption\":\"east europe trading\"},\"image\":{\"@id\":\"https:\/\/www.easteuropetrading.com\/#logo\"}},{\"@type\":\"WebSite\",\"@id\":\"https:\/\/www.easteuropetrading.com\/#website\",\"url\":\"https:\/\/www.easteuropetrading.com\/\",\"name\":\"East Europe Trading\",\"description\":\"Fresh onions | Peeling | Export\",\"publisher\":{\"@id\":\"https:\/\/www.easteuropetrading.com\/#organization\"},\"potentialAction\":[{\"@type\":\"SearchAction\",\"target\":{\"@type\":\"EntryPoint\",\"urlTemplate\":\"https:\/\/www.easteuropetrading.com\/?s={search_term_string}\"},\"query-input\":\"required name=search_term_string\"}],\"inLanguage\":\"pl-PL\"},{\"@type\":\"WebPage\",\"@id\":\"https:\/\/www.easteuropetrading.com\/pl\/o-nas\/#webpage\",\"url\":\"https:\/\/www.easteuropetrading.com\/pl\/o-nas\/\",\"name\":\"O nas - East Europe Trading\",\"isPartOf\":{\"@id\":\"https:\/\/www.easteuropetrading.com\/#website\"},\"datePublished\":\"2020-06-24T07:13:48+00:00\",\"dateModified\":\"2020-06-24T07:15:35+00:00\",\"breadcrumb\":{\"@id\":\"https:\/\/www.easteuropetrading.com\/pl\/o-nas\/#breadcrumb\"},\"inLanguage\":\"pl-PL\",\"potentialAction\":[{\"@type\":\"ReadAction\",\"target\":[\"https:\/\/www.easteuropetrading.com\/pl\/o-nas\/\"]}]},{\"@type\":\"BreadcrumbList\",\"@id\":\"https:\/\/www.easteuropetrading.com\/pl\/o-nas\/#breadcrumb\",\"itemListElement\":[{\"@type\":\"ListItem\",\"position\":1,\"name\":\"Home\",\"item\":\"https:\/\/www.easteuropetrading.com\/pl\/\"},{\"@type\":\"ListItem\",\"position\":2,\"name\":\"O nas\"}]}]}<\/script>\n<!-- \/ Yoast SEO plugin. -->","yoast_head_json":{"title":"O nas - East Europe Trading","robots":{"index":"index","follow":"follow","max-snippet":"max-snippet:-1","max-image-preview":"max-image-preview:large","max-video-preview":"max-video-preview:-1"},"canonical":"https:\/\/www.easteuropetrading.com\/pl\/o-nas\/","og_locale":"pl_PL","og_type":"article","og_title":"O nas - East Europe Trading","og_description":"Nasza firma eksportuje cebul\u0119 do Europy Wschodniej. Robimy to ju\u017c od kilku lat, a nasze do\u015bwiadczenie na rynku czyni nas znakomitym i [&hellip;]","og_url":"https:\/\/www.easteuropetrading.com\/pl\/o-nas\/","og_site_name":"East Europe Trading","article_modified_time":"2020-06-24T07:15:35+00:00","twitter_card":"summary_large_image","twitter_misc":{"Est. reading time":"1 minuta"},"schema":{"@context":"https:\/\/schema.org","@graph":[{"@type":"Organization","@id":"https:\/\/www.easteuropetrading.com\/#organization","name":"east europe trading","url":"https:\/\/www.easteuropetrading.com\/","sameAs":[],"logo":{"@type":"ImageObject","@id":"https:\/\/www.easteuropetrading.com\/#logo","inLanguage":"pl-PL","url":"https:\/\/www.easteuropetrading.com\/wp-content\/uploads\/2017\/12\/cropped-easteuropetrading.com_.png","contentUrl":"https:\/\/www.easteuropetrading.com\/wp-content\/uploads\/2017\/12\/cropped-easteuropetrading.com_.png","width":250,"height":250,"caption":"east europe trading"},"image":{"@id":"https:\/\/www.easteuropetrading.com\/#logo"}},{"@type":"WebSite","@id":"https:\/\/www.easteuropetrading.com\/#website","url":"https:\/\/www.easteuropetrading.com\/","name":"East Europe Trading","description":"Fresh onions | Peeling | Export","publisher":{"@id":"https:\/\/www.easteuropetrading.com\/#organization"},"potentialAction":[{"@type":"SearchAction","target":{"@type":"EntryPoint","urlTemplate":"https:\/\/www.easteuropetrading.com\/?s={search_term_string}"},"query-input":"required name=search_term_string"}],"inLanguage":"pl-PL"},{"@type":"WebPage","@id":"https:\/\/www.easteuropetrading.com\/pl\/o-nas\/#webpage","url":"https:\/\/www.easteuropetrading.com\/pl\/o-nas\/","name":"O nas - East Europe Trading","isPartOf":{"@id":"https:\/\/www.easteuropetrading.com\/#website"},"datePublished":"2020-06-24T07:13:48+00:00","dateModified":"2020-06-24T07:15:35+00:00","breadcrumb":{"@id":"https:\/\/www.easteuropetrading.com\/pl\/o-nas\/#breadcrumb"},"inLanguage":"pl-PL","potentialAction":[{"@type":"ReadAction","target":["https:\/\/www.easteuropetrading.com\/pl\/o-nas\/"]}]},{"@type":"BreadcrumbList","@id":"https:\/\/www.easteuropetrading.com\/pl\/o-nas\/#breadcrumb","itemListElement":[{"@type":"ListItem","position":1,"name":"Home","item":"https:\/\/www.easteuropetrading.com\/pl\/"},{"@type":"ListItem","position":2,"name":"O nas"}]}]}},"_links":{"self":[{"href":"https:\/\/www.easteuropetrading.com\/pl\/wp-json\/wp\/v2\/pages\/923"}],"collection":[{"href":"https:\/\/www.easteuropetrading.com\/pl\/wp-json\/wp\/v2\/pages"}],"about":[{"href":"https:\/\/www.easteuropetrading.com\/pl\/wp-json\/wp\/v2\/types\/page"}],"author":[{"embeddable":true,"href":"https:\/\/www.easteuropetrading.com\/pl\/wp-json\/wp\/v2\/users\/2"}],"replies":[{"embeddable":true,"href":"https:\/\/www.easteuropetrading.com\/pl\/wp-json\/wp\/v2\/comments?post=923"}],"version-history":[{"count":1,"href":"https:\/\/www.easteuropetrading.com\/pl\/wp-json\/wp\/v2\/pages\/923\/revisions"}],"predecessor-version":[{"id":924,"href":"https:\/\/www.easteuropetrading.com\/pl\/wp-json\/wp\/v2\/pages\/923\/revisions\/924"}],"wp:attachment":[{"href":"https:\/\/www.easteuropetrading.com\/pl\/wp-json\/wp\/v2\/media?parent=923"}],"curies":[{"name":"wp","href":"https:\/\/api.w.org\/{rel}","templated":true}]}}