{"id":921,"date":"2020-06-24T07:10:57","date_gmt":"2020-06-24T07:10:57","guid":{"rendered":"https:\/\/www.easteuropetrading.com\/?page_id=921"},"modified":"2021-01-05T11:16:57","modified_gmt":"2021-01-05T11:16:57","slug":"nabywcy-cebuli","status":"publish","type":"page","link":"https:\/\/www.easteuropetrading.com\/pl\/nabywcy-cebuli\/","title":{"rendered":"Nabywcy cebuli"},"content":{"rendered":"<div class=\"griz_container uspcontainer\">\n<div class=\"griz_row\">\n<div class=\"uspwrapper\">\n<div class=\"usp\"><i class=\"fas fa-check\"><\/i><span>Fresh products with quality<\/span><\/div>\n<div class=\"usp\"><i class=\"fas fa-check\"><\/i><span>Yellow onions, shallots and pickles<\/span><\/div>\n<div class=\"usp\"><i class=\"fas fa-check\"><\/i><span>Producers in Belgium, Germany and Holland<\/span><\/div>\n<\/div>\n<\/div>\n<\/div>\n<div class=\"griz_container\">\n<div class=\"griz_row\">\n<div class=\"breadcrumbs\"><span><span><a href=\"https:\/\/www.easteuropetrading.com\/pl\/\">Home<\/a><\/span><\/div>\n<\/div>\n<div class=\"griz_row content\">\n<div class=\"griz_grid_8\">\n<h1>Nabywcy cebuli<\/h1>\n<p>Z pewno\u015bci\u0105 jest wielu mi\u0119dzynarodowych nabywc\u00f3w cebuli, kt\u00f3rzy z ch\u0119ci\u0105 zaczn\u0105 prowadzi\u0107 z Tob\u0105 interesy. Jednak znalezienie w\u0142a\u015bciwych nabywc\u00f3w mo\u017ce by\u0107 bardzo skomplikowane, je\u015bli nie jeste\u015b w\u0142a\u015bciwie zaznajomiony z tym procesem. Na szcz\u0119\u015bcie East Europe Trading B.V. mo\u017ce Ci w tym pom\u00f3c! Poprzez nasze wieloletnie do\u015bwiadczenie w eksporcie cebuli do r\u00f3\u017cnych kraj\u00f3w, stworzyli\u015bmy rozleg\u0142\u0105 sie\u0107 dystrybucji. Dzi\u0119ki temu mo\u017cemy szybko reagowa\u0107 na wszystkie pytania i w\u0105tpliwo\u015bci, co gwarantuje skuteczne partnerstwo. B\u0105d\u017a pewien, \u017ce Twoi kupcy otrzymaj\u0105 swoj\u0105 cebul\u0119 na czas!<br \/>\n<a class=\"custombutton\" href=\"tel:+31 (0)6-53154068\">Call us now<\/a><\/p>\n<h2>Skontaktuj si\u0119 z nabywcami pomocy dzi\u0119ki naszej drobnej pomocy<\/h2>\n<p>Jeste\u015b w stanie dostarczy\u0107 rozmaite rodzaje cebuli, np. <a href=\"https:\/\/www.easteuropetrading.com\/peeled-onion\">cebul\u0119 obran\u0105<\/a>, ale tak\u017ce cebul\u0119 w ilo\u015bciach hurtowych. Kupuj\u0105cy mog\u0105 wybiera\u0107 spo\u015br&oacute;d \u017c&oacute;\u0142tej cebuli, szalotki i wszelkiego typu pikli. Ponadto East Europe Trading B.V. znajduje si\u0119 w korzystnym po\u0142o\u017ceniu geograficznym z doskonale opracowan\u0105 logistyk\u0105 i sprawn\u0105 organizacj\u0105 \u0142a\u0144cucha dostaw, kt&oacute;ry obejmuje wzrost, produkcj\u0119 i handel.<\/p>\n<h3>Skorzystaj z naszej rozleg\u0142ej wiedzy<\/h3>\n<p><a href=\"https:\/\/www.easteuropetrading.com\/onion-distributors\">Holenderski sektor handlu cebul\u0105<\/a> nigdy nie by\u0142 w lepszej kondycji. Czy wiesz, \u017ce obs\u0142ugujemy prawie 20% \u015bwiatowego handlu cebul\u0105? Zaanga\u017cuj si\u0119 w ten projekt i miej pewno\u015b\u0107, \u017ce Twoi nabywcy otrzymaj\u0105 najsmaczniejsz\u0105 cebul\u0119 z holenderskich plantacji. Zadzwo\u0144 pod numer <a href=\"tel:0031653154068\">+31(0)6-53154068<\/a> lub wy\u015blij e-mail na adres <a href=\"mailto:jaco@easteuropetrading.nl\">mailto:jaco@easteuropetrading.nl<\/a>, aby uzyska\u0107 wi\u0119cej informacji.<\/p>\n<\/div>\n<div class=\"griz_grid_4\">\n<h2>Contact us<\/h2>\n<p>Do you have questions? Do you want to consult? Do you want to be helped quickly? Then contact us +316 53154068!<br \/>\nThis can be done by filling in the form below. We will contact you by telephone or e-mail as soon as possible.<\/p>\n\n<div class=\"wpcf7 no-js\" id=\"wpcf7-f943-o1\" lang=\"nl-NL\" dir=\"ltr\">\n<div class=\"screen-reader-response\"><p role=\"status\" aria-live=\"polite\" aria-atomic=\"true\"><\/p> <ul><\/ul><\/div>\n<form action=\"\/pl\/wp-json\/wp\/v2\/pages\/921#wpcf7-f943-o1\" method=\"post\" class=\"wpcf7-form init\" aria-label=\"Contact form\" novalidate=\"novalidate\" data-status=\"init\">\n<div style=\"display: none;\">\n<input type=\"hidden\" name=\"_wpcf7\" value=\"943\" \/>\n<input type=\"hidden\" name=\"_wpcf7_version\" value=\"5.9.8\" \/>\n<input type=\"hidden\" name=\"_wpcf7_locale\" value=\"nl_NL\" \/>\n<input type=\"hidden\" name=\"_wpcf7_unit_tag\" value=\"wpcf7-f943-o1\" \/>\n<input type=\"hidden\" name=\"_wpcf7_container_post\" value=\"0\" \/>\n<input type=\"hidden\" name=\"_wpcf7_posted_data_hash\" value=\"\" \/>\n<\/div>\n<p><label> imi\u0119<br \/>\n<span class=\"wpcf7-form-control-wrap\" data-name=\"your-name\"><input size=\"40\" maxlength=\"400\" class=\"wpcf7-form-control wpcf7-text wpcf7-validates-as-required\" aria-required=\"true\" aria-invalid=\"false\" value=\"\" type=\"text\" name=\"your-name\" \/><\/span> <\/label>\n<\/p>\n<p><label> e-mail<br \/>\n<span class=\"wpcf7-form-control-wrap\" data-name=\"your-email\"><input size=\"40\" maxlength=\"400\" class=\"wpcf7-form-control wpcf7-email wpcf7-validates-as-required wpcf7-text wpcf7-validates-as-email\" aria-required=\"true\" aria-invalid=\"false\" value=\"\" type=\"email\" name=\"your-email\" \/><\/span> <\/label>\n<\/p>\n<p><label> temat<br \/>\n<span class=\"wpcf7-form-control-wrap\" data-name=\"your-subject\"><input size=\"40\" maxlength=\"400\" class=\"wpcf7-form-control wpcf7-text\" aria-invalid=\"false\" value=\"\" type=\"text\" name=\"your-subject\" \/><\/span> <\/label>\n<\/p>\n<p><label> wiadomo\u015b\u0107<br \/>\n<span class=\"wpcf7-form-control-wrap\" data-name=\"your-message\"><textarea cols=\"40\" rows=\"10\" maxlength=\"2000\" class=\"wpcf7-form-control wpcf7-textarea\" aria-invalid=\"false\" name=\"your-message\"><\/textarea><\/span> <\/label>\n<\/p>\n<p><input class=\"wpcf7-form-control wpcf7-submit has-spinner\" type=\"submit\" value=\"Send\" \/>\n<\/p><div class=\"wpcf7-response-output\" aria-hidden=\"true\"><\/div>\n<\/form>\n<\/div>\n\n<\/div>\n<\/div>\n<\/div>\n","protected":false},"excerpt":{"rendered":"<p>Fresh products with quality Yellow onions, shallots and pickles Producers in Belgium, Germany and Holland Nabywcy cebuli Z pewno\u015bci\u0105 jest wielu mi\u0119dzynarodowych [&hellip;]<\/p>\n","protected":false},"author":2,"featured_media":0,"parent":0,"menu_order":0,"comment_status":"closed","ping_status":"closed","template":"page-templates\/page_fullwidth.php","meta":{"footnotes":""},"yoast_head":"<!-- This site is optimized with the Yoast SEO plugin v18.4.1 - https:\/\/yoast.com\/wordpress\/plugins\/seo\/ -->\n<title>Nabywcy cebuli - East Europe Trading<\/title>\n<meta name=\"description\" content=\"Upewnij si\u0119, \u017ce pyszna holenderska cebula zostanie dostarczona do Twoich klient\u00f3w. Nasze rozwi\u0105zania obejmuj\u0105 ca\u0142y \u0142a\u0144cuch dostaw od uprawy, a\u017c po handel.\" \/>\n<meta name=\"robots\" content=\"index, follow, max-snippet:-1, max-image-preview:large, max-video-preview:-1\" \/>\n<link rel=\"canonical\" href=\"https:\/\/www.easteuropetrading.com\/pl\/nabywcy-cebuli\/\" \/>\n<meta property=\"og:locale\" content=\"pl_PL\" \/>\n<meta property=\"og:type\" content=\"article\" \/>\n<meta property=\"og:title\" content=\"Nabywcy cebuli - East Europe Trading\" \/>\n<meta property=\"og:description\" content=\"Upewnij si\u0119, \u017ce pyszna holenderska cebula zostanie dostarczona do Twoich klient\u00f3w. Nasze rozwi\u0105zania obejmuj\u0105 ca\u0142y \u0142a\u0144cuch dostaw od uprawy, a\u017c po handel.\" \/>\n<meta property=\"og:url\" content=\"https:\/\/www.easteuropetrading.com\/pl\/nabywcy-cebuli\/\" \/>\n<meta property=\"og:site_name\" content=\"East Europe Trading\" \/>\n<meta property=\"article:modified_time\" content=\"2021-01-05T11:16:57+00:00\" \/>\n<meta name=\"twitter:card\" content=\"summary_large_image\" \/>\n<meta name=\"twitter:label1\" content=\"Est. reading time\" \/>\n\t<meta name=\"twitter:data1\" content=\"2 minuty\" \/>\n<script type=\"application\/ld+json\" class=\"yoast-schema-graph\">{\"@context\":\"https:\/\/schema.org\",\"@graph\":[{\"@type\":\"Organization\",\"@id\":\"https:\/\/www.easteuropetrading.com\/#organization\",\"name\":\"east europe trading\",\"url\":\"https:\/\/www.easteuropetrading.com\/\",\"sameAs\":[],\"logo\":{\"@type\":\"ImageObject\",\"@id\":\"https:\/\/www.easteuropetrading.com\/#logo\",\"inLanguage\":\"pl-PL\",\"url\":\"https:\/\/www.easteuropetrading.com\/wp-content\/uploads\/2017\/12\/cropped-easteuropetrading.com_.png\",\"contentUrl\":\"https:\/\/www.easteuropetrading.com\/wp-content\/uploads\/2017\/12\/cropped-easteuropetrading.com_.png\",\"width\":250,\"height\":250,\"caption\":\"east europe trading\"},\"image\":{\"@id\":\"https:\/\/www.easteuropetrading.com\/#logo\"}},{\"@type\":\"WebSite\",\"@id\":\"https:\/\/www.easteuropetrading.com\/#website\",\"url\":\"https:\/\/www.easteuropetrading.com\/\",\"name\":\"East Europe Trading\",\"description\":\"Fresh onions | Peeling | Export\",\"publisher\":{\"@id\":\"https:\/\/www.easteuropetrading.com\/#organization\"},\"potentialAction\":[{\"@type\":\"SearchAction\",\"target\":{\"@type\":\"EntryPoint\",\"urlTemplate\":\"https:\/\/www.easteuropetrading.com\/?s={search_term_string}\"},\"query-input\":\"required name=search_term_string\"}],\"inLanguage\":\"pl-PL\"},{\"@type\":\"WebPage\",\"@id\":\"https:\/\/www.easteuropetrading.com\/pl\/nabywcy-cebuli\/#webpage\",\"url\":\"https:\/\/www.easteuropetrading.com\/pl\/nabywcy-cebuli\/\",\"name\":\"Nabywcy cebuli - East Europe Trading\",\"isPartOf\":{\"@id\":\"https:\/\/www.easteuropetrading.com\/#website\"},\"datePublished\":\"2020-06-24T07:10:57+00:00\",\"dateModified\":\"2021-01-05T11:16:57+00:00\",\"description\":\"Upewnij si\u0119, \u017ce pyszna holenderska cebula zostanie dostarczona do Twoich klient\u00f3w. Nasze rozwi\u0105zania obejmuj\u0105 ca\u0142y \u0142a\u0144cuch dostaw od uprawy, a\u017c po handel.\",\"breadcrumb\":{\"@id\":\"https:\/\/www.easteuropetrading.com\/pl\/nabywcy-cebuli\/#breadcrumb\"},\"inLanguage\":\"pl-PL\",\"potentialAction\":[{\"@type\":\"ReadAction\",\"target\":[\"https:\/\/www.easteuropetrading.com\/pl\/nabywcy-cebuli\/\"]}]},{\"@type\":\"BreadcrumbList\",\"@id\":\"https:\/\/www.easteuropetrading.com\/pl\/nabywcy-cebuli\/#breadcrumb\",\"itemListElement\":[{\"@type\":\"ListItem\",\"position\":1,\"name\":\"Home\",\"item\":\"https:\/\/www.easteuropetrading.com\/pl\/\"},{\"@type\":\"ListItem\",\"position\":2,\"name\":\"Nabywcy cebuli\"}]}]}<\/script>\n<!-- \/ Yoast SEO plugin. -->","yoast_head_json":{"title":"Nabywcy cebuli - East Europe Trading","description":"Upewnij si\u0119, \u017ce pyszna holenderska cebula zostanie dostarczona do Twoich klient\u00f3w. Nasze rozwi\u0105zania obejmuj\u0105 ca\u0142y \u0142a\u0144cuch dostaw od uprawy, a\u017c po handel.","robots":{"index":"index","follow":"follow","max-snippet":"max-snippet:-1","max-image-preview":"max-image-preview:large","max-video-preview":"max-video-preview:-1"},"canonical":"https:\/\/www.easteuropetrading.com\/pl\/nabywcy-cebuli\/","og_locale":"pl_PL","og_type":"article","og_title":"Nabywcy cebuli - East Europe Trading","og_description":"Upewnij si\u0119, \u017ce pyszna holenderska cebula zostanie dostarczona do Twoich klient\u00f3w. Nasze rozwi\u0105zania obejmuj\u0105 ca\u0142y \u0142a\u0144cuch dostaw od uprawy, a\u017c po handel.","og_url":"https:\/\/www.easteuropetrading.com\/pl\/nabywcy-cebuli\/","og_site_name":"East Europe Trading","article_modified_time":"2021-01-05T11:16:57+00:00","twitter_card":"summary_large_image","twitter_misc":{"Est. reading time":"2 minuty"},"schema":{"@context":"https:\/\/schema.org","@graph":[{"@type":"Organization","@id":"https:\/\/www.easteuropetrading.com\/#organization","name":"east europe trading","url":"https:\/\/www.easteuropetrading.com\/","sameAs":[],"logo":{"@type":"ImageObject","@id":"https:\/\/www.easteuropetrading.com\/#logo","inLanguage":"pl-PL","url":"https:\/\/www.easteuropetrading.com\/wp-content\/uploads\/2017\/12\/cropped-easteuropetrading.com_.png","contentUrl":"https:\/\/www.easteuropetrading.com\/wp-content\/uploads\/2017\/12\/cropped-easteuropetrading.com_.png","width":250,"height":250,"caption":"east europe trading"},"image":{"@id":"https:\/\/www.easteuropetrading.com\/#logo"}},{"@type":"WebSite","@id":"https:\/\/www.easteuropetrading.com\/#website","url":"https:\/\/www.easteuropetrading.com\/","name":"East Europe Trading","description":"Fresh onions | Peeling | Export","publisher":{"@id":"https:\/\/www.easteuropetrading.com\/#organization"},"potentialAction":[{"@type":"SearchAction","target":{"@type":"EntryPoint","urlTemplate":"https:\/\/www.easteuropetrading.com\/?s={search_term_string}"},"query-input":"required name=search_term_string"}],"inLanguage":"pl-PL"},{"@type":"WebPage","@id":"https:\/\/www.easteuropetrading.com\/pl\/nabywcy-cebuli\/#webpage","url":"https:\/\/www.easteuropetrading.com\/pl\/nabywcy-cebuli\/","name":"Nabywcy cebuli - East Europe Trading","isPartOf":{"@id":"https:\/\/www.easteuropetrading.com\/#website"},"datePublished":"2020-06-24T07:10:57+00:00","dateModified":"2021-01-05T11:16:57+00:00","description":"Upewnij si\u0119, \u017ce pyszna holenderska cebula zostanie dostarczona do Twoich klient\u00f3w. Nasze rozwi\u0105zania obejmuj\u0105 ca\u0142y \u0142a\u0144cuch dostaw od uprawy, a\u017c po handel.","breadcrumb":{"@id":"https:\/\/www.easteuropetrading.com\/pl\/nabywcy-cebuli\/#breadcrumb"},"inLanguage":"pl-PL","potentialAction":[{"@type":"ReadAction","target":["https:\/\/www.easteuropetrading.com\/pl\/nabywcy-cebuli\/"]}]},{"@type":"BreadcrumbList","@id":"https:\/\/www.easteuropetrading.com\/pl\/nabywcy-cebuli\/#breadcrumb","itemListElement":[{"@type":"ListItem","position":1,"name":"Home","item":"https:\/\/www.easteuropetrading.com\/pl\/"},{"@type":"ListItem","position":2,"name":"Nabywcy cebuli"}]}]}},"_links":{"self":[{"href":"https:\/\/www.easteuropetrading.com\/pl\/wp-json\/wp\/v2\/pages\/921"}],"collection":[{"href":"https:\/\/www.easteuropetrading.com\/pl\/wp-json\/wp\/v2\/pages"}],"about":[{"href":"https:\/\/www.easteuropetrading.com\/pl\/wp-json\/wp\/v2\/types\/page"}],"author":[{"embeddable":true,"href":"https:\/\/www.easteuropetrading.com\/pl\/wp-json\/wp\/v2\/users\/2"}],"replies":[{"embeddable":true,"href":"https:\/\/www.easteuropetrading.com\/pl\/wp-json\/wp\/v2\/comments?post=921"}],"version-history":[{"count":3,"href":"https:\/\/www.easteuropetrading.com\/pl\/wp-json\/wp\/v2\/pages\/921\/revisions"}],"predecessor-version":[{"id":1076,"href":"https:\/\/www.easteuropetrading.com\/pl\/wp-json\/wp\/v2\/pages\/921\/revisions\/1076"}],"wp:attachment":[{"href":"https:\/\/www.easteuropetrading.com\/pl\/wp-json\/wp\/v2\/media?parent=921"}],"curies":[{"name":"wp","href":"https:\/\/api.w.org\/{rel}","templated":true}]}}