{"id":917,"date":"2020-06-24T07:04:17","date_gmt":"2020-06-24T07:04:17","guid":{"rendered":"https:\/\/www.easteuropetrading.com\/?page_id=917"},"modified":"2021-01-05T11:16:11","modified_gmt":"2021-01-05T11:16:11","slug":"dostawca-cebuli","status":"publish","type":"page","link":"https:\/\/www.easteuropetrading.com\/pl\/","title":{"rendered":"Dostawca cebuli"},"content":{"rendered":"<div class=\"griz_container\">\n<div class=\"griz_row content\">\n<div class=\"griz_grid_8\">\n<p>Szukasz rzetelnego dostawcy cebuli, kt&oacute;ry zajmuje si\u0119 dystrybucj\u0105 holenderskiej cebuli do Polski? Skorzystaj z oferty East Europe Trading B.V. z Kruiningen, jednego z najlepszych i najpopularniejszych dostawc&oacute;w cebuli z Holandii. East Europe Trading B.V. ju\u017c od d\u0142u\u017cszego czasu sprzedaje holendersk\u0105 cebul\u0119 do Polski. Jako dostawca cebuli z Holandii gwarantujemy naszym Klientom \u015bwie\u017cy produkt wysokiej jako\u015bci. Cebula holenderska jest uprawiana w regionach Zeeland i Flevopolder, co nadaje jej wy\u015bmienitego smaku i aromatu. Dzi\u0119ki naszej doskona\u0142ej lokalizacji w pobli\u017cu portu w Antwerpii w Belgii, jeste\u015bmy w stanie zaoferowa\u0107 naszym klientom \u015bwie\u017c\u0105 i pyszn\u0105 cebul\u0119 w bardzo atrakcyjnej cenie.<\/p>\n<h2>Najlepszy dostawca cebuli<\/h2>\n<p>Zaanga\u017cowanie i jako\u015b\u0107 w stosunku <a href=\"https:\/\/www.easteuropetrading.com\/onion-market\">do naszych Klient&oacute;w<\/a> i holenderskiej cebuli s\u0105 podstaw\u0105 naszej organizacji. Ponadto, jeste\u015bmy mark\u0105, kt&oacute;ra mo\u017ce odpowiedzie\u0107 na wszystkie pytania dzi\u0119ki rozleg\u0142ej wiedzy oraz rozbudowanej sieci dystrybucji. Sprawia to, \u017ce jeste\u015bmy w stanie szybko reagowa\u0107 na potrzeby naszych Klient&oacute;w, co z kolei zapewnia optymaln\u0105 wsp&oacute;\u0142prac\u0119.<\/p>\n<h2>Holenderska cebula w liczbach<\/h2>\n<p>Cebula z Holandii ma pewne cechy charakterystyczne. Te stosunkowo niewielkie uprawy stanowi\u0105 oko\u0142o 15-20% \u015bwiatowego handlu cebul\u0105, co jest godne uwagi, poniewa\u017c obejmuj\u0105 jedynie 2% \u015bwiatowych zbior&oacute;w cebuli. Tak du\u017cy udzia\u0142 w rynku cebuli wynika z po\u0142o\u017cenia geograficznego i doskonale zorganizowanej logistyki. Ponadto holenderscy dostawcy cebuli przywi\u0105zuj\u0105 ogromn\u0105 uwag\u0119 do organizacji w zakresie wzrostu, produkcji i handlu.<\/p>\n<h3>Efektywna logistyka prowadzi do uzyskania doskona\u0142ego produktu<\/h3>\n<p>W\u0142a\u015bnie dlatego cebula holenderska jest znana na ca\u0142ym \u015bwiecie jako produkt wysokiej jako\u015bci o \u015bwietnych w\u0142a\u015bciwo\u015bciach przechowalniczych. Marka <a href=\"https:\/\/www.easteuropetrading.com\/about-us\/\">East Europe Trading B.V.<\/a> jest w stanie wsp&oacute;\u0142pracowa\u0107 jako dostawca cebuli przez ca\u0142y rok. Nasz\u0105 specjalno\u015bci\u0105 jest eksport cebuli z Holandii do Polski. Ostateczne przeznaczenie cebuli holenderskiej jest jednak r&oacute;\u017cne w zale\u017cno\u015bci od sezonu i zale\u017cy od lokalnej produkcji. Mamy <a href=\"https:\/\/www.easteuropetrading.com\/onion-distributors\">du\u017ce do\u015bwiadczenie w eksporcie cebuli<\/a> do Europy Wschodniej. Szukasz dobrej cebuli od holenderskich hodowc&oacute;w? Zatem East Europe Trading jest twoim doskona\u0142ym partnerem.<\/p>\n<\/div>\n<div class=\"griz_grid_4\">\n<h2>Contact us<\/h2>\n<p>Do you have questions? Do you want to consult? Do you want to be helped quickly? Then contact us +316 53154068!<br \/>\nThis can be done by filling in the form below. We will contact you by telephone or e-mail as soon as possible.<\/p>\n\n<div class=\"wpcf7 no-js\" id=\"wpcf7-f943-o1\" lang=\"nl-NL\" dir=\"ltr\">\n<div class=\"screen-reader-response\"><p role=\"status\" aria-live=\"polite\" aria-atomic=\"true\"><\/p> <ul><\/ul><\/div>\n<form action=\"\/pl\/wp-json\/wp\/v2\/pages\/917#wpcf7-f943-o1\" method=\"post\" class=\"wpcf7-form init\" aria-label=\"Contact form\" novalidate=\"novalidate\" data-status=\"init\">\n<div style=\"display: none;\">\n<input type=\"hidden\" name=\"_wpcf7\" value=\"943\" \/>\n<input type=\"hidden\" name=\"_wpcf7_version\" value=\"5.9.8\" \/>\n<input type=\"hidden\" name=\"_wpcf7_locale\" value=\"nl_NL\" \/>\n<input type=\"hidden\" name=\"_wpcf7_unit_tag\" value=\"wpcf7-f943-o1\" \/>\n<input type=\"hidden\" name=\"_wpcf7_container_post\" value=\"0\" \/>\n<input type=\"hidden\" name=\"_wpcf7_posted_data_hash\" value=\"\" \/>\n<\/div>\n<p><label> imi\u0119<br \/>\n<span class=\"wpcf7-form-control-wrap\" data-name=\"your-name\"><input size=\"40\" maxlength=\"400\" class=\"wpcf7-form-control wpcf7-text wpcf7-validates-as-required\" aria-required=\"true\" aria-invalid=\"false\" value=\"\" type=\"text\" name=\"your-name\" \/><\/span> <\/label>\n<\/p>\n<p><label> e-mail<br \/>\n<span class=\"wpcf7-form-control-wrap\" data-name=\"your-email\"><input size=\"40\" maxlength=\"400\" class=\"wpcf7-form-control wpcf7-email wpcf7-validates-as-required wpcf7-text wpcf7-validates-as-email\" aria-required=\"true\" aria-invalid=\"false\" value=\"\" type=\"email\" name=\"your-email\" \/><\/span> <\/label>\n<\/p>\n<p><label> temat<br \/>\n<span class=\"wpcf7-form-control-wrap\" data-name=\"your-subject\"><input size=\"40\" maxlength=\"400\" class=\"wpcf7-form-control wpcf7-text\" aria-invalid=\"false\" value=\"\" type=\"text\" name=\"your-subject\" \/><\/span> <\/label>\n<\/p>\n<p><label> wiadomo\u015b\u0107<br \/>\n<span class=\"wpcf7-form-control-wrap\" data-name=\"your-message\"><textarea cols=\"40\" rows=\"10\" maxlength=\"2000\" class=\"wpcf7-form-control wpcf7-textarea\" aria-invalid=\"false\" name=\"your-message\"><\/textarea><\/span> <\/label>\n<\/p>\n<p><input class=\"wpcf7-form-control wpcf7-submit has-spinner\" type=\"submit\" value=\"Send\" \/>\n<\/p><div class=\"wpcf7-response-output\" aria-hidden=\"true\"><\/div>\n<\/form>\n<\/div>\n\n<\/div>\n<\/div>\n<\/div>\n","protected":false},"excerpt":{"rendered":"<p>Szukasz rzetelnego dostawcy cebuli, kt&oacute;ry zajmuje si\u0119 dystrybucj\u0105 holenderskiej cebuli do Polski? Skorzystaj z oferty East Europe Trading B.V. z Kruiningen, jednego [&hellip;]<\/p>\n","protected":false},"author":2,"featured_media":0,"parent":0,"menu_order":0,"comment_status":"closed","ping_status":"closed","template":"","meta":{"footnotes":""},"yoast_head":"<!-- This site is optimized with the Yoast SEO plugin v18.4.1 - https:\/\/yoast.com\/wordpress\/plugins\/seo\/ -->\n<title>Dostawca cebuli - East Europe Trading<\/title>\n<meta name=\"robots\" content=\"index, follow, max-snippet:-1, max-image-preview:large, max-video-preview:-1\" \/>\n<link rel=\"canonical\" href=\"https:\/\/www.easteuropetrading.com\/pl\/\" \/>\n<meta property=\"og:locale\" content=\"pl_PL\" \/>\n<meta property=\"og:type\" content=\"article\" \/>\n<meta property=\"og:title\" content=\"Dostawca cebuli - East Europe Trading\" \/>\n<meta property=\"og:description\" content=\"Szukasz rzetelnego dostawcy cebuli, kt&oacute;ry zajmuje si\u0119 dystrybucj\u0105 holenderskiej cebuli do Polski? Skorzystaj z oferty East Europe Trading B.V. z Kruiningen, jednego [&hellip;]\" \/>\n<meta property=\"og:url\" content=\"https:\/\/www.easteuropetrading.com\/pl\/\" \/>\n<meta property=\"og:site_name\" content=\"East Europe Trading\" \/>\n<meta property=\"article:modified_time\" content=\"2021-01-05T11:16:11+00:00\" \/>\n<meta name=\"twitter:card\" content=\"summary_large_image\" \/>\n<meta name=\"twitter:label1\" content=\"Est. reading time\" \/>\n\t<meta name=\"twitter:data1\" content=\"2 minuty\" \/>\n<script type=\"application\/ld+json\" class=\"yoast-schema-graph\">{\"@context\":\"https:\/\/schema.org\",\"@graph\":[{\"@type\":\"Organization\",\"@id\":\"https:\/\/www.easteuropetrading.com\/#organization\",\"name\":\"east europe trading\",\"url\":\"https:\/\/www.easteuropetrading.com\/\",\"sameAs\":[],\"logo\":{\"@type\":\"ImageObject\",\"@id\":\"https:\/\/www.easteuropetrading.com\/#logo\",\"inLanguage\":\"pl-PL\",\"url\":\"https:\/\/www.easteuropetrading.com\/wp-content\/uploads\/2017\/12\/cropped-easteuropetrading.com_.png\",\"contentUrl\":\"https:\/\/www.easteuropetrading.com\/wp-content\/uploads\/2017\/12\/cropped-easteuropetrading.com_.png\",\"width\":250,\"height\":250,\"caption\":\"east europe trading\"},\"image\":{\"@id\":\"https:\/\/www.easteuropetrading.com\/#logo\"}},{\"@type\":\"WebSite\",\"@id\":\"https:\/\/www.easteuropetrading.com\/#website\",\"url\":\"https:\/\/www.easteuropetrading.com\/\",\"name\":\"East Europe Trading\",\"description\":\"Fresh onions | Peeling | Export\",\"publisher\":{\"@id\":\"https:\/\/www.easteuropetrading.com\/#organization\"},\"potentialAction\":[{\"@type\":\"SearchAction\",\"target\":{\"@type\":\"EntryPoint\",\"urlTemplate\":\"https:\/\/www.easteuropetrading.com\/?s={search_term_string}\"},\"query-input\":\"required name=search_term_string\"}],\"inLanguage\":\"pl-PL\"},{\"@type\":\"WebPage\",\"@id\":\"https:\/\/www.easteuropetrading.com\/pl\/#webpage\",\"url\":\"https:\/\/www.easteuropetrading.com\/pl\/\",\"name\":\"Dostawca cebuli - East Europe Trading\",\"isPartOf\":{\"@id\":\"https:\/\/www.easteuropetrading.com\/#website\"},\"datePublished\":\"2020-06-24T07:04:17+00:00\",\"dateModified\":\"2021-01-05T11:16:11+00:00\",\"breadcrumb\":{\"@id\":\"https:\/\/www.easteuropetrading.com\/pl\/#breadcrumb\"},\"inLanguage\":\"pl-PL\",\"potentialAction\":[{\"@type\":\"ReadAction\",\"target\":[\"https:\/\/www.easteuropetrading.com\/pl\/\"]}]},{\"@type\":\"BreadcrumbList\",\"@id\":\"https:\/\/www.easteuropetrading.com\/pl\/#breadcrumb\",\"itemListElement\":[{\"@type\":\"ListItem\",\"position\":1,\"name\":\"Home\",\"item\":\"https:\/\/www.easteuropetrading.com\/pl\/\"},{\"@type\":\"ListItem\",\"position\":2,\"name\":\"Dostawca cebuli\"}]}]}<\/script>\n<!-- \/ Yoast SEO plugin. -->","yoast_head_json":{"title":"Dostawca cebuli - East Europe Trading","robots":{"index":"index","follow":"follow","max-snippet":"max-snippet:-1","max-image-preview":"max-image-preview:large","max-video-preview":"max-video-preview:-1"},"canonical":"https:\/\/www.easteuropetrading.com\/pl\/","og_locale":"pl_PL","og_type":"article","og_title":"Dostawca cebuli - East Europe Trading","og_description":"Szukasz rzetelnego dostawcy cebuli, kt&oacute;ry zajmuje si\u0119 dystrybucj\u0105 holenderskiej cebuli do Polski? Skorzystaj z oferty East Europe Trading B.V. z Kruiningen, jednego [&hellip;]","og_url":"https:\/\/www.easteuropetrading.com\/pl\/","og_site_name":"East Europe Trading","article_modified_time":"2021-01-05T11:16:11+00:00","twitter_card":"summary_large_image","twitter_misc":{"Est. reading time":"2 minuty"},"schema":{"@context":"https:\/\/schema.org","@graph":[{"@type":"Organization","@id":"https:\/\/www.easteuropetrading.com\/#organization","name":"east europe trading","url":"https:\/\/www.easteuropetrading.com\/","sameAs":[],"logo":{"@type":"ImageObject","@id":"https:\/\/www.easteuropetrading.com\/#logo","inLanguage":"pl-PL","url":"https:\/\/www.easteuropetrading.com\/wp-content\/uploads\/2017\/12\/cropped-easteuropetrading.com_.png","contentUrl":"https:\/\/www.easteuropetrading.com\/wp-content\/uploads\/2017\/12\/cropped-easteuropetrading.com_.png","width":250,"height":250,"caption":"east europe trading"},"image":{"@id":"https:\/\/www.easteuropetrading.com\/#logo"}},{"@type":"WebSite","@id":"https:\/\/www.easteuropetrading.com\/#website","url":"https:\/\/www.easteuropetrading.com\/","name":"East Europe Trading","description":"Fresh onions | Peeling | Export","publisher":{"@id":"https:\/\/www.easteuropetrading.com\/#organization"},"potentialAction":[{"@type":"SearchAction","target":{"@type":"EntryPoint","urlTemplate":"https:\/\/www.easteuropetrading.com\/?s={search_term_string}"},"query-input":"required name=search_term_string"}],"inLanguage":"pl-PL"},{"@type":"WebPage","@id":"https:\/\/www.easteuropetrading.com\/pl\/#webpage","url":"https:\/\/www.easteuropetrading.com\/pl\/","name":"Dostawca cebuli - East Europe Trading","isPartOf":{"@id":"https:\/\/www.easteuropetrading.com\/#website"},"datePublished":"2020-06-24T07:04:17+00:00","dateModified":"2021-01-05T11:16:11+00:00","breadcrumb":{"@id":"https:\/\/www.easteuropetrading.com\/pl\/#breadcrumb"},"inLanguage":"pl-PL","potentialAction":[{"@type":"ReadAction","target":["https:\/\/www.easteuropetrading.com\/pl\/"]}]},{"@type":"BreadcrumbList","@id":"https:\/\/www.easteuropetrading.com\/pl\/#breadcrumb","itemListElement":[{"@type":"ListItem","position":1,"name":"Home","item":"https:\/\/www.easteuropetrading.com\/pl\/"},{"@type":"ListItem","position":2,"name":"Dostawca cebuli"}]}]}},"_links":{"self":[{"href":"https:\/\/www.easteuropetrading.com\/pl\/wp-json\/wp\/v2\/pages\/917"}],"collection":[{"href":"https:\/\/www.easteuropetrading.com\/pl\/wp-json\/wp\/v2\/pages"}],"about":[{"href":"https:\/\/www.easteuropetrading.com\/pl\/wp-json\/wp\/v2\/types\/page"}],"author":[{"embeddable":true,"href":"https:\/\/www.easteuropetrading.com\/pl\/wp-json\/wp\/v2\/users\/2"}],"replies":[{"embeddable":true,"href":"https:\/\/www.easteuropetrading.com\/pl\/wp-json\/wp\/v2\/comments?post=917"}],"version-history":[{"count":3,"href":"https:\/\/www.easteuropetrading.com\/pl\/wp-json\/wp\/v2\/pages\/917\/revisions"}],"predecessor-version":[{"id":1074,"href":"https:\/\/www.easteuropetrading.com\/pl\/wp-json\/wp\/v2\/pages\/917\/revisions\/1074"}],"wp:attachment":[{"href":"https:\/\/www.easteuropetrading.com\/pl\/wp-json\/wp\/v2\/media?parent=917"}],"curies":[{"name":"wp","href":"https:\/\/api.w.org\/{rel}","templated":true}]}}