{"id":915,"date":"2020-06-24T07:01:49","date_gmt":"2020-06-24T07:01:49","guid":{"rendered":"https:\/\/www.easteuropetrading.com\/?page_id=915"},"modified":"2021-01-05T11:16:33","modified_gmt":"2021-01-05T11:16:33","slug":"hurtowa-sprzedaz-cebuli","status":"publish","type":"page","link":"https:\/\/www.easteuropetrading.com\/pl\/hurtowa-sprzedaz-cebuli\/","title":{"rendered":"Hurtowa sprzeda\u017c cebuli"},"content":{"rendered":"<div class=\"griz_container uspcontainer\">\n<div class=\"griz_row\">\n<div class=\"uspwrapper\">\n<div class=\"usp\"><i class=\"fas fa-check\"><\/i><span>Fresh products with quality<\/span><\/div>\n<div class=\"usp\"><i class=\"fas fa-check\"><\/i><span>Yellow onions, shallots and pickles<\/span><\/div>\n<div class=\"usp\"><i class=\"fas fa-check\"><\/i><span>Producers in Belgium, Germany and Holland<\/span><\/div>\n<\/div>\n<\/div>\n<\/div>\n<div class=\"griz_container\">\n<div class=\"griz_row\">\n<div class=\"breadcrumbs\"><span><span><a href=\"https:\/\/www.easteuropetrading.com\/pl\/\">Home<\/a><\/span><\/div>\n<\/div>\n<div class=\"griz_row content\">\n<div class=\"griz_grid_8\">\n<h1>Hurtowa sprzeda\u017c cebuli<\/h1>\n<p>Hurtownia znakomitej jako\u015bci cebuli znajduje si\u0119 w Holandii, a szczeg\u00f3lnie aromatyczna jest cebula uprawiana we Flevopolder lub Zeeland. Dzi\u0119ki mieszance piasku i gliny w glebie tych teren\u00f3w, cebula jest przepyszna i niezwykle aromatyczna. Warto te\u017c doda\u0107, \u017ce miejsca te s\u0105 pr\u0119\u017cnie rozwijaj\u0105cymi si\u0119 o\u015brodkami produkcji cebuli. Szukasz sposobu na kupno znakomitych cebul w hurtowych ilo\u015bciach dla swojej restauracji lub firmy? Poznaj wi\u0119cej informacji i sprawd\u017a, jak East Europe Trading B.V. mo\u017ce Ci pom\u00f3c.<\/p>\n<h2>Hurtowa sprzeda\u017c pysznej cebuli do r\u00f3\u017cnych cel\u00f3w<\/h2>\n<p><a href=\"https:\/\/www.easteuropetrading.com\/about-us\/\">East Europe Trading B.V.<\/a> jest znanym hurtowym dostawc\u0105 cebuli z Holandii, specjalizuj\u0105cym si\u0119 w eksporcie cebuli do Europy Wschodniej. Nasza firma mo\u017ce pochwali\u0107 si\u0119 wieloletnim do\u015bwiadczeniem, co czyni z nas godnym zaufania i doskona\u0142ym partnerem dla Twojej firmy. Skupiamy si\u0119 przede wszystkim na eksporcie do Polski, gdzie spo\u017cycie cebuli wci\u0105\u017c ro\u015bnie. Jako <a href=\"https:\/\/www.easteuropetrading.com\/onion-distributors\">hurtowy dostawca i dystrybutor cebuli<\/a> zapewniamy zawsze \u015bwie\u017c\u0105 cebul\u0119 najlepszej jako\u015bci i bardzo atrakcyjnej cenie.<\/p>\n<h3>Jeste\u015bmy najlepszym hurtowym dostawc\u0105 cebuli<\/h3>\n<p>W swojej sieci posiadamy plantator&oacute;w cebuli nie tylko w Holandii, ale tak\u017ce w Belgii i Niemczech. Je\u015bli wi\u0119c Twoja firma poszukuje znakomitego dostawcy wysokiej jako\u015bci cebuli lub <a href=\"https:\/\/www.easteuropetrading.com\/peeled-onion\">cebuli \u0142uskanej<\/a>, skontaktuj si\u0119 z nami przez <a href=\"tel:0031653154068\">+31(0)6-53154068<\/a> lub wy\u015blij e-mail na adres <a href=\"mailto:jaco@easteuropetrading.nl\">jaco@easteuropetrading.nl<\/a>.<\/p>\n<\/div>\n<div class=\"griz_grid_4\">\n<h2>Contact us<\/h2>\n<p>Do you have questions? Do you want to consult? Do you want to be helped quickly? Then contact us +316 53154068!<br \/>\nThis can be done by filling in the form below. We will contact you by telephone or e-mail as soon as possible.<\/p>\n\n<div class=\"wpcf7 no-js\" id=\"wpcf7-f943-o1\" lang=\"nl-NL\" dir=\"ltr\">\n<div class=\"screen-reader-response\"><p role=\"status\" aria-live=\"polite\" aria-atomic=\"true\"><\/p> <ul><\/ul><\/div>\n<form action=\"\/pl\/wp-json\/wp\/v2\/pages\/915#wpcf7-f943-o1\" method=\"post\" class=\"wpcf7-form init\" aria-label=\"Contact form\" novalidate=\"novalidate\" data-status=\"init\">\n<div style=\"display: none;\">\n<input type=\"hidden\" name=\"_wpcf7\" value=\"943\" \/>\n<input type=\"hidden\" name=\"_wpcf7_version\" value=\"5.9.8\" \/>\n<input type=\"hidden\" name=\"_wpcf7_locale\" value=\"nl_NL\" \/>\n<input type=\"hidden\" name=\"_wpcf7_unit_tag\" value=\"wpcf7-f943-o1\" \/>\n<input type=\"hidden\" name=\"_wpcf7_container_post\" value=\"0\" \/>\n<input type=\"hidden\" name=\"_wpcf7_posted_data_hash\" value=\"\" \/>\n<\/div>\n<p><label> imi\u0119<br \/>\n<span class=\"wpcf7-form-control-wrap\" data-name=\"your-name\"><input size=\"40\" maxlength=\"400\" class=\"wpcf7-form-control wpcf7-text wpcf7-validates-as-required\" aria-required=\"true\" aria-invalid=\"false\" value=\"\" type=\"text\" name=\"your-name\" \/><\/span> <\/label>\n<\/p>\n<p><label> e-mail<br \/>\n<span class=\"wpcf7-form-control-wrap\" data-name=\"your-email\"><input size=\"40\" maxlength=\"400\" class=\"wpcf7-form-control wpcf7-email wpcf7-validates-as-required wpcf7-text wpcf7-validates-as-email\" aria-required=\"true\" aria-invalid=\"false\" value=\"\" type=\"email\" name=\"your-email\" \/><\/span> <\/label>\n<\/p>\n<p><label> temat<br \/>\n<span class=\"wpcf7-form-control-wrap\" data-name=\"your-subject\"><input size=\"40\" maxlength=\"400\" class=\"wpcf7-form-control wpcf7-text\" aria-invalid=\"false\" value=\"\" type=\"text\" name=\"your-subject\" \/><\/span> <\/label>\n<\/p>\n<p><label> wiadomo\u015b\u0107<br \/>\n<span class=\"wpcf7-form-control-wrap\" data-name=\"your-message\"><textarea cols=\"40\" rows=\"10\" maxlength=\"2000\" class=\"wpcf7-form-control wpcf7-textarea\" aria-invalid=\"false\" name=\"your-message\"><\/textarea><\/span> <\/label>\n<\/p>\n<p><input class=\"wpcf7-form-control wpcf7-submit has-spinner\" type=\"submit\" value=\"Send\" \/>\n<\/p><div class=\"wpcf7-response-output\" aria-hidden=\"true\"><\/div>\n<\/form>\n<\/div>\n<\/div>\n<\/div>\n<\/div>\n","protected":false},"excerpt":{"rendered":"<p>Fresh products with quality Yellow onions, shallots and pickles Producers in Belgium, Germany and Holland Hurtowa sprzeda\u017c cebuli Hurtownia znakomitej jako\u015bci cebuli [&hellip;]<\/p>\n","protected":false},"author":2,"featured_media":0,"parent":0,"menu_order":0,"comment_status":"closed","ping_status":"closed","template":"page-templates\/page_fullwidth.php","meta":{"footnotes":""},"yoast_head":"<!-- This site is optimized with the Yoast SEO plugin v18.4.1 - https:\/\/yoast.com\/wordpress\/plugins\/seo\/ -->\n<title>Hurtowa sprzeda\u017c cebuli - East Europe Trading<\/title>\n<meta name=\"description\" content=\"Jeste\u015bmy godnym zaufania dystrybutorem i dostawc\u0105 hurtowym cebuli. Szukasz \u015bwie\u017cego i wysokiej jako\u015bci produktu? Zadzwo\u0144 do nas, aby uzyska\u0107 wi\u0119cej informacji.\" \/>\n<meta name=\"robots\" content=\"index, follow, max-snippet:-1, max-image-preview:large, max-video-preview:-1\" \/>\n<link rel=\"canonical\" href=\"https:\/\/www.easteuropetrading.com\/pl\/hurtowa-sprzedaz-cebuli\/\" \/>\n<meta property=\"og:locale\" content=\"pl_PL\" \/>\n<meta property=\"og:type\" content=\"article\" \/>\n<meta property=\"og:title\" content=\"Hurtowa sprzeda\u017c cebuli - East Europe Trading\" \/>\n<meta property=\"og:description\" content=\"Jeste\u015bmy godnym zaufania dystrybutorem i dostawc\u0105 hurtowym cebuli. Szukasz \u015bwie\u017cego i wysokiej jako\u015bci produktu? Zadzwo\u0144 do nas, aby uzyska\u0107 wi\u0119cej informacji.\" \/>\n<meta property=\"og:url\" content=\"https:\/\/www.easteuropetrading.com\/pl\/hurtowa-sprzedaz-cebuli\/\" \/>\n<meta property=\"og:site_name\" content=\"East Europe Trading\" \/>\n<meta property=\"article:modified_time\" content=\"2021-01-05T11:16:33+00:00\" \/>\n<meta name=\"twitter:card\" content=\"summary_large_image\" \/>\n<meta name=\"twitter:label1\" content=\"Est. reading time\" \/>\n\t<meta name=\"twitter:data1\" content=\"1 minuta\" \/>\n<script type=\"application\/ld+json\" class=\"yoast-schema-graph\">{\"@context\":\"https:\/\/schema.org\",\"@graph\":[{\"@type\":\"Organization\",\"@id\":\"https:\/\/www.easteuropetrading.com\/#organization\",\"name\":\"east europe trading\",\"url\":\"https:\/\/www.easteuropetrading.com\/\",\"sameAs\":[],\"logo\":{\"@type\":\"ImageObject\",\"@id\":\"https:\/\/www.easteuropetrading.com\/#logo\",\"inLanguage\":\"pl-PL\",\"url\":\"https:\/\/www.easteuropetrading.com\/wp-content\/uploads\/2017\/12\/cropped-easteuropetrading.com_.png\",\"contentUrl\":\"https:\/\/www.easteuropetrading.com\/wp-content\/uploads\/2017\/12\/cropped-easteuropetrading.com_.png\",\"width\":250,\"height\":250,\"caption\":\"east europe trading\"},\"image\":{\"@id\":\"https:\/\/www.easteuropetrading.com\/#logo\"}},{\"@type\":\"WebSite\",\"@id\":\"https:\/\/www.easteuropetrading.com\/#website\",\"url\":\"https:\/\/www.easteuropetrading.com\/\",\"name\":\"East Europe Trading\",\"description\":\"Fresh onions | Peeling | Export\",\"publisher\":{\"@id\":\"https:\/\/www.easteuropetrading.com\/#organization\"},\"potentialAction\":[{\"@type\":\"SearchAction\",\"target\":{\"@type\":\"EntryPoint\",\"urlTemplate\":\"https:\/\/www.easteuropetrading.com\/?s={search_term_string}\"},\"query-input\":\"required name=search_term_string\"}],\"inLanguage\":\"pl-PL\"},{\"@type\":\"WebPage\",\"@id\":\"https:\/\/www.easteuropetrading.com\/pl\/hurtowa-sprzedaz-cebuli\/#webpage\",\"url\":\"https:\/\/www.easteuropetrading.com\/pl\/hurtowa-sprzedaz-cebuli\/\",\"name\":\"Hurtowa sprzeda\u017c cebuli - East Europe Trading\",\"isPartOf\":{\"@id\":\"https:\/\/www.easteuropetrading.com\/#website\"},\"datePublished\":\"2020-06-24T07:01:49+00:00\",\"dateModified\":\"2021-01-05T11:16:33+00:00\",\"description\":\"Jeste\u015bmy godnym zaufania dystrybutorem i dostawc\u0105 hurtowym cebuli. Szukasz \u015bwie\u017cego i wysokiej jako\u015bci produktu? Zadzwo\u0144 do nas, aby uzyska\u0107 wi\u0119cej informacji.\",\"breadcrumb\":{\"@id\":\"https:\/\/www.easteuropetrading.com\/pl\/hurtowa-sprzedaz-cebuli\/#breadcrumb\"},\"inLanguage\":\"pl-PL\",\"potentialAction\":[{\"@type\":\"ReadAction\",\"target\":[\"https:\/\/www.easteuropetrading.com\/pl\/hurtowa-sprzedaz-cebuli\/\"]}]},{\"@type\":\"BreadcrumbList\",\"@id\":\"https:\/\/www.easteuropetrading.com\/pl\/hurtowa-sprzedaz-cebuli\/#breadcrumb\",\"itemListElement\":[{\"@type\":\"ListItem\",\"position\":1,\"name\":\"Home\",\"item\":\"https:\/\/www.easteuropetrading.com\/pl\/\"},{\"@type\":\"ListItem\",\"position\":2,\"name\":\"Hurtowa sprzeda\u017c cebuli\"}]}]}<\/script>\n<!-- \/ Yoast SEO plugin. -->","yoast_head_json":{"title":"Hurtowa sprzeda\u017c cebuli - East Europe Trading","description":"Jeste\u015bmy godnym zaufania dystrybutorem i dostawc\u0105 hurtowym cebuli. Szukasz \u015bwie\u017cego i wysokiej jako\u015bci produktu? Zadzwo\u0144 do nas, aby uzyska\u0107 wi\u0119cej informacji.","robots":{"index":"index","follow":"follow","max-snippet":"max-snippet:-1","max-image-preview":"max-image-preview:large","max-video-preview":"max-video-preview:-1"},"canonical":"https:\/\/www.easteuropetrading.com\/pl\/hurtowa-sprzedaz-cebuli\/","og_locale":"pl_PL","og_type":"article","og_title":"Hurtowa sprzeda\u017c cebuli - East Europe Trading","og_description":"Jeste\u015bmy godnym zaufania dystrybutorem i dostawc\u0105 hurtowym cebuli. Szukasz \u015bwie\u017cego i wysokiej jako\u015bci produktu? Zadzwo\u0144 do nas, aby uzyska\u0107 wi\u0119cej informacji.","og_url":"https:\/\/www.easteuropetrading.com\/pl\/hurtowa-sprzedaz-cebuli\/","og_site_name":"East Europe Trading","article_modified_time":"2021-01-05T11:16:33+00:00","twitter_card":"summary_large_image","twitter_misc":{"Est. reading time":"1 minuta"},"schema":{"@context":"https:\/\/schema.org","@graph":[{"@type":"Organization","@id":"https:\/\/www.easteuropetrading.com\/#organization","name":"east europe trading","url":"https:\/\/www.easteuropetrading.com\/","sameAs":[],"logo":{"@type":"ImageObject","@id":"https:\/\/www.easteuropetrading.com\/#logo","inLanguage":"pl-PL","url":"https:\/\/www.easteuropetrading.com\/wp-content\/uploads\/2017\/12\/cropped-easteuropetrading.com_.png","contentUrl":"https:\/\/www.easteuropetrading.com\/wp-content\/uploads\/2017\/12\/cropped-easteuropetrading.com_.png","width":250,"height":250,"caption":"east europe trading"},"image":{"@id":"https:\/\/www.easteuropetrading.com\/#logo"}},{"@type":"WebSite","@id":"https:\/\/www.easteuropetrading.com\/#website","url":"https:\/\/www.easteuropetrading.com\/","name":"East Europe Trading","description":"Fresh onions | Peeling | Export","publisher":{"@id":"https:\/\/www.easteuropetrading.com\/#organization"},"potentialAction":[{"@type":"SearchAction","target":{"@type":"EntryPoint","urlTemplate":"https:\/\/www.easteuropetrading.com\/?s={search_term_string}"},"query-input":"required name=search_term_string"}],"inLanguage":"pl-PL"},{"@type":"WebPage","@id":"https:\/\/www.easteuropetrading.com\/pl\/hurtowa-sprzedaz-cebuli\/#webpage","url":"https:\/\/www.easteuropetrading.com\/pl\/hurtowa-sprzedaz-cebuli\/","name":"Hurtowa sprzeda\u017c cebuli - East Europe Trading","isPartOf":{"@id":"https:\/\/www.easteuropetrading.com\/#website"},"datePublished":"2020-06-24T07:01:49+00:00","dateModified":"2021-01-05T11:16:33+00:00","description":"Jeste\u015bmy godnym zaufania dystrybutorem i dostawc\u0105 hurtowym cebuli. Szukasz \u015bwie\u017cego i wysokiej jako\u015bci produktu? Zadzwo\u0144 do nas, aby uzyska\u0107 wi\u0119cej informacji.","breadcrumb":{"@id":"https:\/\/www.easteuropetrading.com\/pl\/hurtowa-sprzedaz-cebuli\/#breadcrumb"},"inLanguage":"pl-PL","potentialAction":[{"@type":"ReadAction","target":["https:\/\/www.easteuropetrading.com\/pl\/hurtowa-sprzedaz-cebuli\/"]}]},{"@type":"BreadcrumbList","@id":"https:\/\/www.easteuropetrading.com\/pl\/hurtowa-sprzedaz-cebuli\/#breadcrumb","itemListElement":[{"@type":"ListItem","position":1,"name":"Home","item":"https:\/\/www.easteuropetrading.com\/pl\/"},{"@type":"ListItem","position":2,"name":"Hurtowa sprzeda\u017c cebuli"}]}]}},"_links":{"self":[{"href":"https:\/\/www.easteuropetrading.com\/pl\/wp-json\/wp\/v2\/pages\/915"}],"collection":[{"href":"https:\/\/www.easteuropetrading.com\/pl\/wp-json\/wp\/v2\/pages"}],"about":[{"href":"https:\/\/www.easteuropetrading.com\/pl\/wp-json\/wp\/v2\/types\/page"}],"author":[{"embeddable":true,"href":"https:\/\/www.easteuropetrading.com\/pl\/wp-json\/wp\/v2\/users\/2"}],"replies":[{"embeddable":true,"href":"https:\/\/www.easteuropetrading.com\/pl\/wp-json\/wp\/v2\/comments?post=915"}],"version-history":[{"count":3,"href":"https:\/\/www.easteuropetrading.com\/pl\/wp-json\/wp\/v2\/pages\/915\/revisions"}],"predecessor-version":[{"id":1075,"href":"https:\/\/www.easteuropetrading.com\/pl\/wp-json\/wp\/v2\/pages\/915\/revisions\/1075"}],"wp:attachment":[{"href":"https:\/\/www.easteuropetrading.com\/pl\/wp-json\/wp\/v2\/media?parent=915"}],"curies":[{"name":"wp","href":"https:\/\/api.w.org\/{rel}","templated":true}]}}