{"id":913,"date":"2020-06-24T06:59:08","date_gmt":"2020-06-24T06:59:08","guid":{"rendered":"https:\/\/www.easteuropetrading.com\/?page_id=913"},"modified":"2020-06-24T12:21:36","modified_gmt":"2020-06-24T12:21:36","slug":"dystrybutorzy-cebuli","status":"publish","type":"page","link":"https:\/\/www.easteuropetrading.com\/pl\/dystrybutorzy-cebuli\/","title":{"rendered":"Dystrybutorzy cebuli"},"content":{"rendered":"<div class=\"griz_container uspcontainer\">\n<div class=\"griz_row\">\n<div class=\"uspwrapper\">\n<div class=\"usp\"><i class=\"fas fa-check\"><\/i><span>Fresh products with quality<\/span><\/div>\n<div class=\"usp\"><i class=\"fas fa-check\"><\/i><span>Yellow onions, shallots and pickles<\/span><\/div>\n<div class=\"usp\"><i class=\"fas fa-check\"><\/i><span>Producers in Belgium, Germany and Holland<\/span><\/div>\n<\/div>\n<\/div>\n<\/div>\n<div class=\"griz_container\">\n<div class=\"griz_row\">\n<div class=\"breadcrumbs\"><span><span><a href=\"https:\/\/www.easteuropetrading.com\/pl\/\">Home<\/a><\/span><\/div>\n<\/div>\n<div class=\"griz_row content\">\n<div class=\"griz_grid_8\">\n<h1>Dystrybutorzy cebuli<\/h1>\n<p>Marka East Europe Trading B.V. jest uwa\u017cana za jednego z najlepszych dystrybutor\u00f3w cebuli na rynku. Od d\u0142u\u017cszego czasu sprzedajemy cebul\u0119 do Europy Wschodniej, zw\u0142aszcza do Polski. W ci\u0105gu ostatnich kilku lat stworzyli\u015bmy du\u017c\u0105 sie\u0107 plantator\u00f3w cebuli i kana\u0142\u00f3w dystrybucji, dzi\u0119ki czemu zawsze mo\u017cemy zapewni\u0107 najlepsz\u0105 obs\u0142ug\u0119 w najni\u017cszej cenie.<br \/>\n<a class=\"custombutton\" href=\"tel:+31 (0)6-53154068\">Call us now<\/a><\/p>\n<h2>Jeste\u015bmy dystrybutorem cebuli, kt\u00f3ry u\u0142atwi Ci prac\u0119<\/h2>\n<p>Jako <a href=\"https:\/\/www.easteuropetrading.com\/about-us\/\">dystrybutor cebuli<\/a> zabezpieczamy ca\u0142y \u0142a\u0144cuch dostaw &#8211; od kontaktu z plantatorami cebuli po dostawy do Twojej firmy. Przewidujemy, \u017ce spo\u017cycie cebuli wzro\u015bnie o 2-3% w ci\u0105gu nast\u0119pnych pi\u0119ciu lat. Jej konsumpcja ro\u015bnie szczeg&oacute;lnie w krajach Europy Wschodniej, takich jak Polska, Czechy i W\u0119gry. Je\u015bli chcesz by\u0107 pierwszym, kt&oacute;ry wejdzie w ten znakomicie rokuj\u0105cy biznes, wybierz East Europe Trading B.V. jako swojego partnera. Niekt&oacute;re z zalet wsp&oacute;\u0142pracy z nami, to:<\/p>\n<ul>\n<li>mo\u017cliwo\u015b\u0107 nabycia cebuli przez ca\u0142y rok,<\/li>\n<li>ni\u017csze koszty transportu wynikaj\u0105ce z doskona\u0142ego po\u0142o\u017cenia (w pobli\u017cu portu w Antwerpii),<\/li>\n<li>du\u017c\u0105 sie\u0107 plantator&oacute;w cebuli.<\/li>\n<\/ul>\n<p>Korzy\u015bci te zapewniaj\u0105 optymaln\u0105 wsp&oacute;\u0142prac\u0119, kt&oacute;ra <a href=\"https:\/\/www.easteuropetrading.com\/onion-market\">poprowadzi Twoj\u0105 firm\u0119 do doskona\u0142ej pozycji na rynku cebuli<\/a>.<\/p>\n<h3>Oferujemy r\u00f3\u017cne rodzaje cebuli we wszystkich smakach<\/h3>\n<p>Pyszne cebule, kt&oacute;re znajduj\u0105 si\u0119 w naszej ofercie, s\u0105 uprawiane na naj\u017cy\u017aniejszych glebach Holandii, Belgii i Niemiec. Szukasz <a href=\"https:\/\/www.easteuropetrading.com\/peeled-onion\">cebuli \u0142uskanej<\/a>, a mo\u017ce wolisz sprzedawa\u0107 cebul\u0119 hurtowo? Mamy r&oacute;wnie\u017c szalotki i wszelkiego rodzaju pikle. Je\u015bli masz pytania, skontaktuj si\u0119 z nami teraz i rozpocznij swoj\u0105 przygod\u0119 ju\u017c teraz! Zadzwo\u0144 pod numer infolinii <a href=\"tel:0031653154068\">+31(0)6-53154068<\/a> lub wy\u015blij e-mail na adres <a href=\"mailto:jaco@easteuropetrading.nl\">mailto:jaco@easteuropetrading.nl<\/a>.<\/p>\n<\/div>\n<div class=\"griz_grid_4\">\n<h2>Contact us<\/h2>\n<p>Do you have questions? Do you want to consult? Do you want to be helped quickly? Then contact us +316 53154068!<br \/>\nThis can be done by filling in the form below. We will contact you by telephone or e-mail as soon as possible.<\/p>\n\n<div class=\"wpcf7 no-js\" id=\"wpcf7-f943-o1\" lang=\"nl-NL\" dir=\"ltr\">\n<div class=\"screen-reader-response\"><p role=\"status\" aria-live=\"polite\" aria-atomic=\"true\"><\/p> <ul><\/ul><\/div>\n<form action=\"\/pl\/wp-json\/wp\/v2\/pages\/913#wpcf7-f943-o1\" method=\"post\" class=\"wpcf7-form init\" aria-label=\"Contact form\" novalidate=\"novalidate\" data-status=\"init\">\n<div style=\"display: none;\">\n<input type=\"hidden\" name=\"_wpcf7\" value=\"943\" \/>\n<input type=\"hidden\" name=\"_wpcf7_version\" value=\"5.9.8\" \/>\n<input type=\"hidden\" name=\"_wpcf7_locale\" value=\"nl_NL\" \/>\n<input type=\"hidden\" name=\"_wpcf7_unit_tag\" value=\"wpcf7-f943-o1\" \/>\n<input type=\"hidden\" name=\"_wpcf7_container_post\" value=\"0\" \/>\n<input type=\"hidden\" name=\"_wpcf7_posted_data_hash\" value=\"\" \/>\n<\/div>\n<p><label> imi\u0119<br \/>\n<span class=\"wpcf7-form-control-wrap\" data-name=\"your-name\"><input size=\"40\" maxlength=\"400\" class=\"wpcf7-form-control wpcf7-text wpcf7-validates-as-required\" aria-required=\"true\" aria-invalid=\"false\" value=\"\" type=\"text\" name=\"your-name\" \/><\/span> <\/label>\n<\/p>\n<p><label> e-mail<br \/>\n<span class=\"wpcf7-form-control-wrap\" data-name=\"your-email\"><input size=\"40\" maxlength=\"400\" class=\"wpcf7-form-control wpcf7-email wpcf7-validates-as-required wpcf7-text wpcf7-validates-as-email\" aria-required=\"true\" aria-invalid=\"false\" value=\"\" type=\"email\" name=\"your-email\" \/><\/span> <\/label>\n<\/p>\n<p><label> temat<br \/>\n<span class=\"wpcf7-form-control-wrap\" data-name=\"your-subject\"><input size=\"40\" maxlength=\"400\" class=\"wpcf7-form-control wpcf7-text\" aria-invalid=\"false\" value=\"\" type=\"text\" name=\"your-subject\" \/><\/span> <\/label>\n<\/p>\n<p><label> wiadomo\u015b\u0107<br \/>\n<span class=\"wpcf7-form-control-wrap\" data-name=\"your-message\"><textarea cols=\"40\" rows=\"10\" maxlength=\"2000\" class=\"wpcf7-form-control wpcf7-textarea\" aria-invalid=\"false\" name=\"your-message\"><\/textarea><\/span> <\/label>\n<\/p>\n<p><input class=\"wpcf7-form-control wpcf7-submit has-spinner\" type=\"submit\" value=\"Send\" \/>\n<\/p><div class=\"wpcf7-response-output\" aria-hidden=\"true\"><\/div>\n<\/form>\n<\/div>\n\n<\/div>\n<\/div>\n<\/div>\n","protected":false},"excerpt":{"rendered":"<p>Fresh products with quality Yellow onions, shallots and pickles Producers in Belgium, Germany and Holland Dystrybutorzy cebuli Marka East Europe Trading B.V. [&hellip;]<\/p>\n","protected":false},"author":2,"featured_media":0,"parent":0,"menu_order":0,"comment_status":"closed","ping_status":"closed","template":"page-templates\/page_fullwidth.php","meta":{"footnotes":""},"yoast_head":"<!-- This site is optimized with the Yoast SEO plugin v18.4.1 - https:\/\/yoast.com\/wordpress\/plugins\/seo\/ -->\n<title>Dystrybutorzy cebuli - East Europe Trading<\/title>\n<meta name=\"robots\" content=\"index, follow, max-snippet:-1, max-image-preview:large, max-video-preview:-1\" \/>\n<link rel=\"canonical\" href=\"https:\/\/www.easteuropetrading.com\/pl\/dystrybutorzy-cebuli\/\" \/>\n<meta property=\"og:locale\" content=\"pl_PL\" \/>\n<meta property=\"og:type\" content=\"article\" \/>\n<meta property=\"og:title\" content=\"Dystrybutorzy cebuli - East Europe Trading\" \/>\n<meta property=\"og:description\" content=\"Fresh products with quality Yellow onions, shallots and pickles Producers in Belgium, Germany and Holland Dystrybutorzy cebuli Marka East Europe Trading B.V. [&hellip;]\" \/>\n<meta property=\"og:url\" content=\"https:\/\/www.easteuropetrading.com\/pl\/dystrybutorzy-cebuli\/\" \/>\n<meta property=\"og:site_name\" content=\"East Europe Trading\" \/>\n<meta property=\"article:modified_time\" content=\"2020-06-24T12:21:36+00:00\" \/>\n<meta name=\"twitter:card\" content=\"summary_large_image\" \/>\n<meta name=\"twitter:label1\" content=\"Est. reading time\" \/>\n\t<meta name=\"twitter:data1\" content=\"2 minuty\" \/>\n<script type=\"application\/ld+json\" class=\"yoast-schema-graph\">{\"@context\":\"https:\/\/schema.org\",\"@graph\":[{\"@type\":\"Organization\",\"@id\":\"https:\/\/www.easteuropetrading.com\/#organization\",\"name\":\"east europe trading\",\"url\":\"https:\/\/www.easteuropetrading.com\/\",\"sameAs\":[],\"logo\":{\"@type\":\"ImageObject\",\"@id\":\"https:\/\/www.easteuropetrading.com\/#logo\",\"inLanguage\":\"pl-PL\",\"url\":\"https:\/\/www.easteuropetrading.com\/wp-content\/uploads\/2017\/12\/cropped-easteuropetrading.com_.png\",\"contentUrl\":\"https:\/\/www.easteuropetrading.com\/wp-content\/uploads\/2017\/12\/cropped-easteuropetrading.com_.png\",\"width\":250,\"height\":250,\"caption\":\"east europe trading\"},\"image\":{\"@id\":\"https:\/\/www.easteuropetrading.com\/#logo\"}},{\"@type\":\"WebSite\",\"@id\":\"https:\/\/www.easteuropetrading.com\/#website\",\"url\":\"https:\/\/www.easteuropetrading.com\/\",\"name\":\"East Europe Trading\",\"description\":\"Fresh onions | Peeling | Export\",\"publisher\":{\"@id\":\"https:\/\/www.easteuropetrading.com\/#organization\"},\"potentialAction\":[{\"@type\":\"SearchAction\",\"target\":{\"@type\":\"EntryPoint\",\"urlTemplate\":\"https:\/\/www.easteuropetrading.com\/?s={search_term_string}\"},\"query-input\":\"required name=search_term_string\"}],\"inLanguage\":\"pl-PL\"},{\"@type\":\"WebPage\",\"@id\":\"https:\/\/www.easteuropetrading.com\/pl\/dystrybutorzy-cebuli\/#webpage\",\"url\":\"https:\/\/www.easteuropetrading.com\/pl\/dystrybutorzy-cebuli\/\",\"name\":\"Dystrybutorzy cebuli - East Europe Trading\",\"isPartOf\":{\"@id\":\"https:\/\/www.easteuropetrading.com\/#website\"},\"datePublished\":\"2020-06-24T06:59:08+00:00\",\"dateModified\":\"2020-06-24T12:21:36+00:00\",\"breadcrumb\":{\"@id\":\"https:\/\/www.easteuropetrading.com\/pl\/dystrybutorzy-cebuli\/#breadcrumb\"},\"inLanguage\":\"pl-PL\",\"potentialAction\":[{\"@type\":\"ReadAction\",\"target\":[\"https:\/\/www.easteuropetrading.com\/pl\/dystrybutorzy-cebuli\/\"]}]},{\"@type\":\"BreadcrumbList\",\"@id\":\"https:\/\/www.easteuropetrading.com\/pl\/dystrybutorzy-cebuli\/#breadcrumb\",\"itemListElement\":[{\"@type\":\"ListItem\",\"position\":1,\"name\":\"Home\",\"item\":\"https:\/\/www.easteuropetrading.com\/pl\/\"},{\"@type\":\"ListItem\",\"position\":2,\"name\":\"Dystrybutorzy cebuli\"}]}]}<\/script>\n<!-- \/ Yoast SEO plugin. -->","yoast_head_json":{"title":"Dystrybutorzy cebuli - East Europe Trading","robots":{"index":"index","follow":"follow","max-snippet":"max-snippet:-1","max-image-preview":"max-image-preview:large","max-video-preview":"max-video-preview:-1"},"canonical":"https:\/\/www.easteuropetrading.com\/pl\/dystrybutorzy-cebuli\/","og_locale":"pl_PL","og_type":"article","og_title":"Dystrybutorzy cebuli - East Europe Trading","og_description":"Fresh products with quality Yellow onions, shallots and pickles Producers in Belgium, Germany and Holland Dystrybutorzy cebuli Marka East Europe Trading B.V. [&hellip;]","og_url":"https:\/\/www.easteuropetrading.com\/pl\/dystrybutorzy-cebuli\/","og_site_name":"East Europe Trading","article_modified_time":"2020-06-24T12:21:36+00:00","twitter_card":"summary_large_image","twitter_misc":{"Est. reading time":"2 minuty"},"schema":{"@context":"https:\/\/schema.org","@graph":[{"@type":"Organization","@id":"https:\/\/www.easteuropetrading.com\/#organization","name":"east europe trading","url":"https:\/\/www.easteuropetrading.com\/","sameAs":[],"logo":{"@type":"ImageObject","@id":"https:\/\/www.easteuropetrading.com\/#logo","inLanguage":"pl-PL","url":"https:\/\/www.easteuropetrading.com\/wp-content\/uploads\/2017\/12\/cropped-easteuropetrading.com_.png","contentUrl":"https:\/\/www.easteuropetrading.com\/wp-content\/uploads\/2017\/12\/cropped-easteuropetrading.com_.png","width":250,"height":250,"caption":"east europe trading"},"image":{"@id":"https:\/\/www.easteuropetrading.com\/#logo"}},{"@type":"WebSite","@id":"https:\/\/www.easteuropetrading.com\/#website","url":"https:\/\/www.easteuropetrading.com\/","name":"East Europe Trading","description":"Fresh onions | Peeling | Export","publisher":{"@id":"https:\/\/www.easteuropetrading.com\/#organization"},"potentialAction":[{"@type":"SearchAction","target":{"@type":"EntryPoint","urlTemplate":"https:\/\/www.easteuropetrading.com\/?s={search_term_string}"},"query-input":"required name=search_term_string"}],"inLanguage":"pl-PL"},{"@type":"WebPage","@id":"https:\/\/www.easteuropetrading.com\/pl\/dystrybutorzy-cebuli\/#webpage","url":"https:\/\/www.easteuropetrading.com\/pl\/dystrybutorzy-cebuli\/","name":"Dystrybutorzy cebuli - East Europe Trading","isPartOf":{"@id":"https:\/\/www.easteuropetrading.com\/#website"},"datePublished":"2020-06-24T06:59:08+00:00","dateModified":"2020-06-24T12:21:36+00:00","breadcrumb":{"@id":"https:\/\/www.easteuropetrading.com\/pl\/dystrybutorzy-cebuli\/#breadcrumb"},"inLanguage":"pl-PL","potentialAction":[{"@type":"ReadAction","target":["https:\/\/www.easteuropetrading.com\/pl\/dystrybutorzy-cebuli\/"]}]},{"@type":"BreadcrumbList","@id":"https:\/\/www.easteuropetrading.com\/pl\/dystrybutorzy-cebuli\/#breadcrumb","itemListElement":[{"@type":"ListItem","position":1,"name":"Home","item":"https:\/\/www.easteuropetrading.com\/pl\/"},{"@type":"ListItem","position":2,"name":"Dystrybutorzy cebuli"}]}]}},"_links":{"self":[{"href":"https:\/\/www.easteuropetrading.com\/pl\/wp-json\/wp\/v2\/pages\/913"}],"collection":[{"href":"https:\/\/www.easteuropetrading.com\/pl\/wp-json\/wp\/v2\/pages"}],"about":[{"href":"https:\/\/www.easteuropetrading.com\/pl\/wp-json\/wp\/v2\/types\/page"}],"author":[{"embeddable":true,"href":"https:\/\/www.easteuropetrading.com\/pl\/wp-json\/wp\/v2\/users\/2"}],"replies":[{"embeddable":true,"href":"https:\/\/www.easteuropetrading.com\/pl\/wp-json\/wp\/v2\/comments?post=913"}],"version-history":[{"count":3,"href":"https:\/\/www.easteuropetrading.com\/pl\/wp-json\/wp\/v2\/pages\/913\/revisions"}],"predecessor-version":[{"id":947,"href":"https:\/\/www.easteuropetrading.com\/pl\/wp-json\/wp\/v2\/pages\/913\/revisions\/947"}],"wp:attachment":[{"href":"https:\/\/www.easteuropetrading.com\/pl\/wp-json\/wp\/v2\/media?parent=913"}],"curies":[{"name":"wp","href":"https:\/\/api.w.org\/{rel}","templated":true}]}}