{"id":910,"date":"2020-06-24T06:54:59","date_gmt":"2020-06-24T06:54:59","guid":{"rendered":"https:\/\/www.easteuropetrading.com\/?page_id=910"},"modified":"2020-06-24T12:21:01","modified_gmt":"2020-06-24T12:21:01","slug":"cebula-luskana","status":"publish","type":"page","link":"https:\/\/www.easteuropetrading.com\/pl\/cebula-luskana\/","title":{"rendered":"Cebula \u0142uskana"},"content":{"rendered":"<div class=\"griz_container uspcontainer\">\n<div class=\"griz_row\">\n<div class=\"uspwrapper\">\n<div class=\"usp\"><i class=\"fas fa-check\"><\/i>Fresh products with quality<\/div>\n<div class=\"usp\"><i class=\"fas fa-check\"><\/i>Yellow onions, shallots and pickles<\/div>\n<div class=\"usp\"><i class=\"fas fa-check\"><\/i>Producers in Belgium, Germany and Holland<\/div>\n<\/div>\n<\/div>\n<\/div>\n<div class=\"griz_container\">\n<div class=\"griz_row\">\n<div class=\"breadcrumbs\"><span><span><a href=\"https:\/\/www.easteuropetrading.com\/pl\/\">Home<\/a><\/span><\/div>\n<\/div>\n<div class=\"griz_row content\">\n<div class=\"griz_grid_8\">\n<h1>\u015awie\u017ca cebula \u0142uskana<\/h1>\n<p>Szukasz \u015bwie\u017co obranej cebuli? East Europe Trading B.V. jest idealnym partnerem dla Ciebie! Nasza cebula \u0142uskana pochodzi z naj\u017cy\u017aniejszych p\u00f3l w Holandii w Flevopolder, tamtejsza gleba wyr\u00f3\u017cnia si\u0119 mieszank\u0105 piasku i gliny. Co wi\u0119cej, rolnicy z tego obszaru maj\u0105 wieloletnie do\u015bwiadczenie w uprawie cebuli. Po\u0142\u0105czenie \u017cyznej gleby i wiedzy fachowej gwarantuje, \u017ce cebula z Flevopolder spe\u0142nia najwy\u017csze standardy jako\u015bci.<br \/>\n<a class=\"custombutton\" href=\"tel:+31 (0)6-53154068\">Call us now<\/a><\/p>\n<h2>Oferujemy systemy eksportowe cebuli \u0142uskanej<\/h2>\n<p>Opr&oacute;cz cebuli \u0142uskanej oferujemy r&oacute;wnie\u017c <a href=\"https:\/\/www.easteuropetrading.com\/wholesale-onions\/\">hurtow\u0105 sprzeda\u017c cebuli<\/a>. Nasza firma eksportuje cebul\u0119 w wielu formach do Europy Wschodniej. Zapewniamy cebul\u0119 \u017c&oacute;\u0142t\u0105, szalotk\u0119 i wszelkiego rodzaju pikle. Je\u015bli interesuje Ci\u0119 nabycie cebuli obranej, z pewno\u015bci\u0105 jeste\u015bmy w stanie sprosta\u0107 wszystkim wymaganiom. W\u015br&oacute;d wielu zalet wsp&oacute;\u0142pracy z <a href=\"https:\/\/www.easteuropetrading.com\/about-us\/\">East Europe Trading B.V.<\/a> warto wymieni\u0107:<\/p>\n<ul>\n<li>mo\u017cliwo\u015b\u0107 nabycia cebuli przez ca\u0142y rok,<\/li>\n<li>ni\u017csze koszty transportu wynikaj\u0105ce z doskona\u0142ego po\u0142o\u017cenia (w pobli\u017cu portu w Antwerpii),<\/li>\n<li>du\u017c\u0105 sie\u0107 plantator&oacute;w cebuli.<\/li>\n<\/ul>\n<p>Wszystkie te czynniki gwarantuj\u0105 cebul\u0119 \u0142uskan\u0105 najwy\u017cszej jako\u015bci w konkurencyjnej cenie.<\/p>\n<h3>Skontaktuj si\u0119 z nami, by uzyska\u0107 wi\u0119cej informacji.<\/h3>\n<p>Chcesz otrzyma\u0107 wi\u0119cej informacji o wysokiej jako\u015bci cebuli od naszych rolnik&oacute;w lub dowiedzie\u0107 si\u0119, <a href=\"https:\/\/www.easteuropetrading.com\/onion-buyers\">co mo\u017cemy zrobi\u0107 dla Twojej firmy<\/a>? chcesz wiedzie\u0107, co mo\u017cemy zrobi\u0107 dla Twojej firmy? Skontaktuj si\u0119 z nami pod numerem telefonu <a href=\"tel:0031653154068\">+31(0)6-53154068<\/a> lub wy\u015blij e-mail na adres <a href=\"mailto:jaco@easteuropetrading.nl\">jaco@easteuropetrading.nl<\/a>.<\/p>\n<\/div>\n<div class=\"griz_grid_4\">\n<h2>Contact us<\/h2>\n<p>Do you have questions? Do you want to consult? Do you want to be helped quickly? Then contact us +316 53154068!<br \/>\nThis can be done by filling in the form below. We will contact you by telephone or e-mail as soon as possible.<\/p>\n\n<div class=\"wpcf7 no-js\" id=\"wpcf7-f943-o1\" lang=\"nl-NL\" dir=\"ltr\">\n<div class=\"screen-reader-response\"><p role=\"status\" aria-live=\"polite\" aria-atomic=\"true\"><\/p> <ul><\/ul><\/div>\n<form action=\"\/pl\/wp-json\/wp\/v2\/pages\/910#wpcf7-f943-o1\" method=\"post\" class=\"wpcf7-form init\" aria-label=\"Contact form\" novalidate=\"novalidate\" data-status=\"init\">\n<div style=\"display: none;\">\n<input type=\"hidden\" name=\"_wpcf7\" value=\"943\" \/>\n<input type=\"hidden\" name=\"_wpcf7_version\" value=\"5.9.8\" \/>\n<input type=\"hidden\" name=\"_wpcf7_locale\" value=\"nl_NL\" \/>\n<input type=\"hidden\" name=\"_wpcf7_unit_tag\" value=\"wpcf7-f943-o1\" \/>\n<input type=\"hidden\" name=\"_wpcf7_container_post\" value=\"0\" \/>\n<input type=\"hidden\" name=\"_wpcf7_posted_data_hash\" value=\"\" \/>\n<\/div>\n<p><label> imi\u0119<br \/>\n<span class=\"wpcf7-form-control-wrap\" data-name=\"your-name\"><input size=\"40\" maxlength=\"400\" class=\"wpcf7-form-control wpcf7-text wpcf7-validates-as-required\" aria-required=\"true\" aria-invalid=\"false\" value=\"\" type=\"text\" name=\"your-name\" \/><\/span> <\/label>\n<\/p>\n<p><label> e-mail<br \/>\n<span class=\"wpcf7-form-control-wrap\" data-name=\"your-email\"><input size=\"40\" maxlength=\"400\" class=\"wpcf7-form-control wpcf7-email wpcf7-validates-as-required wpcf7-text wpcf7-validates-as-email\" aria-required=\"true\" aria-invalid=\"false\" value=\"\" type=\"email\" name=\"your-email\" \/><\/span> <\/label>\n<\/p>\n<p><label> temat<br \/>\n<span class=\"wpcf7-form-control-wrap\" data-name=\"your-subject\"><input size=\"40\" maxlength=\"400\" class=\"wpcf7-form-control wpcf7-text\" aria-invalid=\"false\" value=\"\" type=\"text\" name=\"your-subject\" \/><\/span> <\/label>\n<\/p>\n<p><label> wiadomo\u015b\u0107<br \/>\n<span class=\"wpcf7-form-control-wrap\" data-name=\"your-message\"><textarea cols=\"40\" rows=\"10\" maxlength=\"2000\" class=\"wpcf7-form-control wpcf7-textarea\" aria-invalid=\"false\" name=\"your-message\"><\/textarea><\/span> <\/label>\n<\/p>\n<p><input class=\"wpcf7-form-control wpcf7-submit has-spinner\" type=\"submit\" value=\"Send\" \/>\n<\/p><div class=\"wpcf7-response-output\" aria-hidden=\"true\"><\/div>\n<\/form>\n<\/div>\n\n<\/div>\n<\/div>\n<\/div>\n","protected":false},"excerpt":{"rendered":"<p>Fresh products with quality Yellow onions, shallots and pickles Producers in Belgium, Germany and Holland \u015awie\u017ca cebula \u0142uskana Szukasz \u015bwie\u017co obranej cebuli? [&hellip;]<\/p>\n","protected":false},"author":2,"featured_media":0,"parent":0,"menu_order":0,"comment_status":"closed","ping_status":"closed","template":"page-templates\/page_fullwidth.php","meta":{"footnotes":""},"yoast_head":"<!-- This site is optimized with the Yoast SEO plugin v18.4.1 - https:\/\/yoast.com\/wordpress\/plugins\/seo\/ -->\n<title>Cebula \u0142uskana - East Europe Trading<\/title>\n<meta name=\"robots\" content=\"index, follow, max-snippet:-1, max-image-preview:large, max-video-preview:-1\" \/>\n<link rel=\"canonical\" href=\"https:\/\/www.easteuropetrading.com\/pl\/cebula-luskana\/\" \/>\n<meta property=\"og:locale\" content=\"pl_PL\" \/>\n<meta property=\"og:type\" content=\"article\" \/>\n<meta property=\"og:title\" content=\"Cebula \u0142uskana - East Europe Trading\" \/>\n<meta property=\"og:description\" content=\"Fresh products with quality Yellow onions, shallots and pickles Producers in Belgium, Germany and Holland \u015awie\u017ca cebula \u0142uskana Szukasz \u015bwie\u017co obranej cebuli? [&hellip;]\" \/>\n<meta property=\"og:url\" content=\"https:\/\/www.easteuropetrading.com\/pl\/cebula-luskana\/\" \/>\n<meta property=\"og:site_name\" content=\"East Europe Trading\" \/>\n<meta property=\"article:modified_time\" content=\"2020-06-24T12:21:01+00:00\" \/>\n<meta name=\"twitter:card\" content=\"summary_large_image\" \/>\n<meta name=\"twitter:label1\" content=\"Est. reading time\" \/>\n\t<meta name=\"twitter:data1\" content=\"2 minuty\" \/>\n<script type=\"application\/ld+json\" class=\"yoast-schema-graph\">{\"@context\":\"https:\/\/schema.org\",\"@graph\":[{\"@type\":\"Organization\",\"@id\":\"https:\/\/www.easteuropetrading.com\/#organization\",\"name\":\"east europe trading\",\"url\":\"https:\/\/www.easteuropetrading.com\/\",\"sameAs\":[],\"logo\":{\"@type\":\"ImageObject\",\"@id\":\"https:\/\/www.easteuropetrading.com\/#logo\",\"inLanguage\":\"pl-PL\",\"url\":\"https:\/\/www.easteuropetrading.com\/wp-content\/uploads\/2017\/12\/cropped-easteuropetrading.com_.png\",\"contentUrl\":\"https:\/\/www.easteuropetrading.com\/wp-content\/uploads\/2017\/12\/cropped-easteuropetrading.com_.png\",\"width\":250,\"height\":250,\"caption\":\"east europe trading\"},\"image\":{\"@id\":\"https:\/\/www.easteuropetrading.com\/#logo\"}},{\"@type\":\"WebSite\",\"@id\":\"https:\/\/www.easteuropetrading.com\/#website\",\"url\":\"https:\/\/www.easteuropetrading.com\/\",\"name\":\"East Europe Trading\",\"description\":\"Fresh onions | Peeling | Export\",\"publisher\":{\"@id\":\"https:\/\/www.easteuropetrading.com\/#organization\"},\"potentialAction\":[{\"@type\":\"SearchAction\",\"target\":{\"@type\":\"EntryPoint\",\"urlTemplate\":\"https:\/\/www.easteuropetrading.com\/?s={search_term_string}\"},\"query-input\":\"required name=search_term_string\"}],\"inLanguage\":\"pl-PL\"},{\"@type\":\"WebPage\",\"@id\":\"https:\/\/www.easteuropetrading.com\/pl\/cebula-luskana\/#webpage\",\"url\":\"https:\/\/www.easteuropetrading.com\/pl\/cebula-luskana\/\",\"name\":\"Cebula \u0142uskana - East Europe Trading\",\"isPartOf\":{\"@id\":\"https:\/\/www.easteuropetrading.com\/#website\"},\"datePublished\":\"2020-06-24T06:54:59+00:00\",\"dateModified\":\"2020-06-24T12:21:01+00:00\",\"breadcrumb\":{\"@id\":\"https:\/\/www.easteuropetrading.com\/pl\/cebula-luskana\/#breadcrumb\"},\"inLanguage\":\"pl-PL\",\"potentialAction\":[{\"@type\":\"ReadAction\",\"target\":[\"https:\/\/www.easteuropetrading.com\/pl\/cebula-luskana\/\"]}]},{\"@type\":\"BreadcrumbList\",\"@id\":\"https:\/\/www.easteuropetrading.com\/pl\/cebula-luskana\/#breadcrumb\",\"itemListElement\":[{\"@type\":\"ListItem\",\"position\":1,\"name\":\"Home\",\"item\":\"https:\/\/www.easteuropetrading.com\/pl\/\"},{\"@type\":\"ListItem\",\"position\":2,\"name\":\"Cebula \u0142uskana\"}]}]}<\/script>\n<!-- \/ Yoast SEO plugin. -->","yoast_head_json":{"title":"Cebula \u0142uskana - East Europe Trading","robots":{"index":"index","follow":"follow","max-snippet":"max-snippet:-1","max-image-preview":"max-image-preview:large","max-video-preview":"max-video-preview:-1"},"canonical":"https:\/\/www.easteuropetrading.com\/pl\/cebula-luskana\/","og_locale":"pl_PL","og_type":"article","og_title":"Cebula \u0142uskana - East Europe Trading","og_description":"Fresh products with quality Yellow onions, shallots and pickles Producers in Belgium, Germany and Holland \u015awie\u017ca cebula \u0142uskana Szukasz \u015bwie\u017co obranej cebuli? [&hellip;]","og_url":"https:\/\/www.easteuropetrading.com\/pl\/cebula-luskana\/","og_site_name":"East Europe Trading","article_modified_time":"2020-06-24T12:21:01+00:00","twitter_card":"summary_large_image","twitter_misc":{"Est. reading time":"2 minuty"},"schema":{"@context":"https:\/\/schema.org","@graph":[{"@type":"Organization","@id":"https:\/\/www.easteuropetrading.com\/#organization","name":"east europe trading","url":"https:\/\/www.easteuropetrading.com\/","sameAs":[],"logo":{"@type":"ImageObject","@id":"https:\/\/www.easteuropetrading.com\/#logo","inLanguage":"pl-PL","url":"https:\/\/www.easteuropetrading.com\/wp-content\/uploads\/2017\/12\/cropped-easteuropetrading.com_.png","contentUrl":"https:\/\/www.easteuropetrading.com\/wp-content\/uploads\/2017\/12\/cropped-easteuropetrading.com_.png","width":250,"height":250,"caption":"east europe trading"},"image":{"@id":"https:\/\/www.easteuropetrading.com\/#logo"}},{"@type":"WebSite","@id":"https:\/\/www.easteuropetrading.com\/#website","url":"https:\/\/www.easteuropetrading.com\/","name":"East Europe Trading","description":"Fresh onions | Peeling | Export","publisher":{"@id":"https:\/\/www.easteuropetrading.com\/#organization"},"potentialAction":[{"@type":"SearchAction","target":{"@type":"EntryPoint","urlTemplate":"https:\/\/www.easteuropetrading.com\/?s={search_term_string}"},"query-input":"required name=search_term_string"}],"inLanguage":"pl-PL"},{"@type":"WebPage","@id":"https:\/\/www.easteuropetrading.com\/pl\/cebula-luskana\/#webpage","url":"https:\/\/www.easteuropetrading.com\/pl\/cebula-luskana\/","name":"Cebula \u0142uskana - East Europe Trading","isPartOf":{"@id":"https:\/\/www.easteuropetrading.com\/#website"},"datePublished":"2020-06-24T06:54:59+00:00","dateModified":"2020-06-24T12:21:01+00:00","breadcrumb":{"@id":"https:\/\/www.easteuropetrading.com\/pl\/cebula-luskana\/#breadcrumb"},"inLanguage":"pl-PL","potentialAction":[{"@type":"ReadAction","target":["https:\/\/www.easteuropetrading.com\/pl\/cebula-luskana\/"]}]},{"@type":"BreadcrumbList","@id":"https:\/\/www.easteuropetrading.com\/pl\/cebula-luskana\/#breadcrumb","itemListElement":[{"@type":"ListItem","position":1,"name":"Home","item":"https:\/\/www.easteuropetrading.com\/pl\/"},{"@type":"ListItem","position":2,"name":"Cebula \u0142uskana"}]}]}},"_links":{"self":[{"href":"https:\/\/www.easteuropetrading.com\/pl\/wp-json\/wp\/v2\/pages\/910"}],"collection":[{"href":"https:\/\/www.easteuropetrading.com\/pl\/wp-json\/wp\/v2\/pages"}],"about":[{"href":"https:\/\/www.easteuropetrading.com\/pl\/wp-json\/wp\/v2\/types\/page"}],"author":[{"embeddable":true,"href":"https:\/\/www.easteuropetrading.com\/pl\/wp-json\/wp\/v2\/users\/2"}],"replies":[{"embeddable":true,"href":"https:\/\/www.easteuropetrading.com\/pl\/wp-json\/wp\/v2\/comments?post=910"}],"version-history":[{"count":3,"href":"https:\/\/www.easteuropetrading.com\/pl\/wp-json\/wp\/v2\/pages\/910\/revisions"}],"predecessor-version":[{"id":944,"href":"https:\/\/www.easteuropetrading.com\/pl\/wp-json\/wp\/v2\/pages\/910\/revisions\/944"}],"wp:attachment":[{"href":"https:\/\/www.easteuropetrading.com\/pl\/wp-json\/wp\/v2\/media?parent=910"}],"curies":[{"name":"wp","href":"https:\/\/api.w.org\/{rel}","templated":true}]}}